{"id":7509,"date":"2025-12-03T13:20:25","date_gmt":"2025-12-03T12:20:25","guid":{"rendered":"https:\/\/gecco-beratung.de\/fahrschule\/?page_id=7509"},"modified":"2025-12-03T13:22:16","modified_gmt":"2025-12-03T12:22:16","slug":"scout","status":"publish","type":"page","link":"https:\/\/gecco-beratung.de\/fahrschule\/scout\/","title":{"rendered":"Anmeldung F\u00fchrerscheinScout.de"},"content":{"rendered":"<section class=\"wpb-content-wrapper\"><p>[vc_row][vc_column]\n<div class=\"wpcf7 no-js\" id=\"wpcf7-f7508-o1\" lang=\"de-DE\" dir=\"ltr\">\n<div class=\"screen-reader-response\"><p role=\"status\" aria-live=\"polite\" aria-atomic=\"true\"><\/p> <ul><\/ul><\/div>\n<form action=\"\/fahrschule\/wp-json\/wp\/v2\/pages\/7509#wpcf7-f7508-o1\" method=\"post\" class=\"wpcf7-form init\" aria-label=\"Kontaktformular\" novalidate=\"novalidate\" data-status=\"init\">\n<div style=\"display: none;\">\n<input type=\"hidden\" name=\"_wpcf7\" value=\"7508\" \/>\n<input type=\"hidden\" name=\"_wpcf7_version\" value=\"5.7.6\" \/>\n<input type=\"hidden\" name=\"_wpcf7_locale\" value=\"de_DE\" \/>\n<input type=\"hidden\" name=\"_wpcf7_unit_tag\" value=\"wpcf7-f7508-o1\" \/>\n<input type=\"hidden\" name=\"_wpcf7_container_post\" value=\"0\" \/>\n<input type=\"hidden\" name=\"_wpcf7_posted_data_hash\" value=\"\" \/>\n<input type=\"hidden\" name=\"_wpcf7_recaptcha_response\" value=\"\" \/>\n<\/div>\n<p><label> Dein Name<br \/>\n<span class=\"wpcf7-form-control-wrap\" data-name=\"your-name\"><input size=\"40\" class=\"wpcf7-form-control wpcf7-text wpcf7-validates-as-required\" autocomplete=\"name\" aria-required=\"true\" aria-invalid=\"false\" value=\"\" type=\"text\" name=\"your-name\" \/><\/span> <\/label>\n<\/p>\n<p><label> Deine Fahrschule<br \/>\n<span class=\"wpcf7-form-control-wrap\" data-name=\"text-68\"><input size=\"40\" class=\"wpcf7-form-control wpcf7-text wpcf7-validates-as-required Deine Fahrschule\" aria-required=\"true\" aria-invalid=\"false\" value=\"\" type=\"text\" name=\"text-68\" \/><\/span> <\/label>\n<\/p>\n<p><label> Deine E-Mail-Adresse<br \/>\n<span class=\"wpcf7-form-control-wrap\" data-name=\"your-email\"><input size=\"40\" class=\"wpcf7-form-control wpcf7-text wpcf7-email wpcf7-validates-as-required wpcf7-validates-as-email\" autocomplete=\"email\" aria-required=\"true\" aria-invalid=\"false\" value=\"\" type=\"email\" name=\"your-email\" \/><\/span> <\/label>\n<\/p>\n<p><span class=\"wpcf7-form-control-wrap\" data-name=\"acceptance-612\"><span class=\"wpcf7-form-control wpcf7-acceptance optional\"><span class=\"wpcf7-list-item\"><label><input type=\"checkbox\" name=\"acceptance-612\" value=\"1\" aria-invalid=\"false\" \/><span class=\"wpcf7-list-item-label\">Ich stimme zu, dass meine Daten im Bezug auf F\u00fchrerscheinScout verwendet werden d\u00fcrfen.<\/span><\/label><\/span><\/span><\/span>\n<\/p>\n<p><input class=\"wpcf7-form-control has-spinner wpcf7-submit\" type=\"submit\" value=\"Senden\" \/>\n<\/p><div class=\"wpcf7-response-output\" aria-hidden=\"true\"><\/div>\n<\/form>\n<\/div>\n[\/vc_column][\/vc_row]<\/p>\n<\/section>","protected":false},"excerpt":{"rendered":"<p>[vc_row][vc_column][\/vc_column][\/vc_row]<\/p>\n","protected":false},"author":11,"featured_media":0,"parent":0,"menu_order":0,"comment_status":"closed","ping_status":"closed","template":"","meta":[],"yoast_head":"<!-- This site is optimized with the Yoast SEO plugin v19.8 - https:\/\/yoast.com\/wordpress\/plugins\/seo\/ -->\n<title>Anmeldung F\u00fchrerscheinScout.de &bull; Gecco Fahrschulen<\/title>\n<meta name=\"description\" content=\"Wir sind eine st\u00e4ndig wachsende Gemeinschaft selbst\u00e4ndiger Fahrschulen, die ihre Kr\u00e4fte unter einem Dach b\u00fcndeln. Steig ein in die Zukunft deiner Fahrschule!\" \/>\n<meta name=\"robots\" content=\"index, follow, max-snippet:-1, max-image-preview:large, max-video-preview:-1\" \/>\n<link rel=\"canonical\" href=\"https:\/\/gecco-beratung.de\/fahrschule\/scout\/\" \/>\n<meta property=\"og:locale\" content=\"de_DE\" \/>\n<meta property=\"og:type\" content=\"article\" \/>\n<meta property=\"og:title\" content=\"Anmeldung F\u00fchrerscheinScout.de &bull; Gecco Fahrschulen\" \/>\n<meta property=\"og:description\" content=\"Wir sind eine st\u00e4ndig wachsende Gemeinschaft selbst\u00e4ndiger Fahrschulen, die ihre Kr\u00e4fte unter einem Dach b\u00fcndeln. Steig ein in die Zukunft deiner Fahrschule!\" \/>\n<meta property=\"og:url\" content=\"https:\/\/gecco-beratung.de\/fahrschule\/scout\/\" \/>\n<meta property=\"og:site_name\" content=\"Gecco Fahrschulen\" \/>\n<meta property=\"article:publisher\" content=\"https:\/\/www.gecco-beratung.de\" \/>\n<meta property=\"article:modified_time\" content=\"2025-12-03T12:22:16+00:00\" \/>\n<meta name=\"twitter:card\" content=\"summary_large_image\" \/>\n<meta name=\"twitter:label1\" content=\"Gesch\u00e4tzte Lesezeit\" \/>\n\t<meta name=\"twitter:data1\" content=\"1\u00a0Minute\" \/>\n<script type=\"application\/ld+json\" class=\"yoast-schema-graph\">{\"@context\":\"https:\/\/schema.org\",\"@graph\":[{\"@type\":\"WebPage\",\"@id\":\"https:\/\/gecco-beratung.de\/fahrschule\/scout\/\",\"url\":\"https:\/\/gecco-beratung.de\/fahrschule\/scout\/\",\"name\":\"Anmeldung F\u00fchrerscheinScout.de &bull; Gecco Fahrschulen\",\"isPartOf\":{\"@id\":\"https:\/\/gecco-beratung.de\/fahrschule\/#website\"},\"datePublished\":\"2025-12-03T12:20:25+00:00\",\"dateModified\":\"2025-12-03T12:22:16+00:00\",\"description\":\"Wir sind eine st\u00e4ndig wachsende Gemeinschaft selbst\u00e4ndiger Fahrschulen, die ihre Kr\u00e4fte unter einem Dach b\u00fcndeln. Steig ein in die Zukunft deiner Fahrschule!\",\"breadcrumb\":{\"@id\":\"https:\/\/gecco-beratung.de\/fahrschule\/scout\/#breadcrumb\"},\"inLanguage\":\"de\",\"potentialAction\":[{\"@type\":\"ReadAction\",\"target\":[\"https:\/\/gecco-beratung.de\/fahrschule\/scout\/\"]}]},{\"@type\":\"BreadcrumbList\",\"@id\":\"https:\/\/gecco-beratung.de\/fahrschule\/scout\/#breadcrumb\",\"itemListElement\":[{\"@type\":\"ListItem\",\"position\":1,\"name\":\"Home\",\"item\":\"https:\/\/gecco-beratung.de\/fahrschule\/\"},{\"@type\":\"ListItem\",\"position\":2,\"name\":\"Anmeldung F\u00fchrerscheinScout.de\"}]},{\"@type\":\"WebSite\",\"@id\":\"https:\/\/gecco-beratung.de\/fahrschule\/#website\",\"url\":\"https:\/\/gecco-beratung.de\/fahrschule\/\",\"name\":\"Gecco Fahrschulen\",\"description\":\"\",\"potentialAction\":[{\"@type\":\"SearchAction\",\"target\":{\"@type\":\"EntryPoint\",\"urlTemplate\":\"https:\/\/gecco-beratung.de\/fahrschule\/?s={search_term_string}\"},\"query-input\":\"required name=search_term_string\"}],\"inLanguage\":\"de\"}]}<\/script>\n<!-- \/ Yoast SEO plugin. -->","yoast_head_json":{"title":"Anmeldung F\u00fchrerscheinScout.de &bull; Gecco Fahrschulen","description":"Wir sind eine st\u00e4ndig wachsende Gemeinschaft selbst\u00e4ndiger Fahrschulen, die ihre Kr\u00e4fte unter einem Dach b\u00fcndeln. Steig ein in die Zukunft deiner Fahrschule!","robots":{"index":"index","follow":"follow","max-snippet":"max-snippet:-1","max-image-preview":"max-image-preview:large","max-video-preview":"max-video-preview:-1"},"canonical":"https:\/\/gecco-beratung.de\/fahrschule\/scout\/","og_locale":"de_DE","og_type":"article","og_title":"Anmeldung F\u00fchrerscheinScout.de &bull; Gecco Fahrschulen","og_description":"Wir sind eine st\u00e4ndig wachsende Gemeinschaft selbst\u00e4ndiger Fahrschulen, die ihre Kr\u00e4fte unter einem Dach b\u00fcndeln. Steig ein in die Zukunft deiner Fahrschule!","og_url":"https:\/\/gecco-beratung.de\/fahrschule\/scout\/","og_site_name":"Gecco Fahrschulen","article_publisher":"https:\/\/www.gecco-beratung.de","article_modified_time":"2025-12-03T12:22:16+00:00","twitter_card":"summary_large_image","twitter_misc":{"Gesch\u00e4tzte Lesezeit":"1\u00a0Minute"},"schema":{"@context":"https:\/\/schema.org","@graph":[{"@type":"WebPage","@id":"https:\/\/gecco-beratung.de\/fahrschule\/scout\/","url":"https:\/\/gecco-beratung.de\/fahrschule\/scout\/","name":"Anmeldung F\u00fchrerscheinScout.de &bull; Gecco Fahrschulen","isPartOf":{"@id":"https:\/\/gecco-beratung.de\/fahrschule\/#website"},"datePublished":"2025-12-03T12:20:25+00:00","dateModified":"2025-12-03T12:22:16+00:00","description":"Wir sind eine st\u00e4ndig wachsende Gemeinschaft selbst\u00e4ndiger Fahrschulen, die ihre Kr\u00e4fte unter einem Dach b\u00fcndeln. Steig ein in die Zukunft deiner Fahrschule!","breadcrumb":{"@id":"https:\/\/gecco-beratung.de\/fahrschule\/scout\/#breadcrumb"},"inLanguage":"de","potentialAction":[{"@type":"ReadAction","target":["https:\/\/gecco-beratung.de\/fahrschule\/scout\/"]}]},{"@type":"BreadcrumbList","@id":"https:\/\/gecco-beratung.de\/fahrschule\/scout\/#breadcrumb","itemListElement":[{"@type":"ListItem","position":1,"name":"Home","item":"https:\/\/gecco-beratung.de\/fahrschule\/"},{"@type":"ListItem","position":2,"name":"Anmeldung F\u00fchrerscheinScout.de"}]},{"@type":"WebSite","@id":"https:\/\/gecco-beratung.de\/fahrschule\/#website","url":"https:\/\/gecco-beratung.de\/fahrschule\/","name":"Gecco Fahrschulen","description":"","potentialAction":[{"@type":"SearchAction","target":{"@type":"EntryPoint","urlTemplate":"https:\/\/gecco-beratung.de\/fahrschule\/?s={search_term_string}"},"query-input":"required name=search_term_string"}],"inLanguage":"de"}]}},"_links":{"self":[{"href":"https:\/\/gecco-beratung.de\/fahrschule\/wp-json\/wp\/v2\/pages\/7509"}],"collection":[{"href":"https:\/\/gecco-beratung.de\/fahrschule\/wp-json\/wp\/v2\/pages"}],"about":[{"href":"https:\/\/gecco-beratung.de\/fahrschule\/wp-json\/wp\/v2\/types\/page"}],"author":[{"embeddable":true,"href":"https:\/\/gecco-beratung.de\/fahrschule\/wp-json\/wp\/v2\/users\/11"}],"replies":[{"embeddable":true,"href":"https:\/\/gecco-beratung.de\/fahrschule\/wp-json\/wp\/v2\/comments?post=7509"}],"version-history":[{"count":2,"href":"https:\/\/gecco-beratung.de\/fahrschule\/wp-json\/wp\/v2\/pages\/7509\/revisions"}],"predecessor-version":[{"id":7511,"href":"https:\/\/gecco-beratung.de\/fahrschule\/wp-json\/wp\/v2\/pages\/7509\/revisions\/7511"}],"wp:attachment":[{"href":"https:\/\/gecco-beratung.de\/fahrschule\/wp-json\/wp\/v2\/media?parent=7509"}],"curies":[{"name":"wp","href":"https:\/\/api.w.org\/{rel}","templated":true}]}}