{"id":4925,"date":"2025-02-28T15:50:49","date_gmt":"2025-02-28T14:50:49","guid":{"rendered":"https:\/\/gecco-beratung.de\/fahrschule\/?page_id=4925"},"modified":"2025-05-08T13:24:08","modified_gmt":"2025-05-08T11:24:08","slug":"datenschutz-karriere","status":"publish","type":"page","link":"https:\/\/gecco-beratung.de\/fahrschule\/datenschutz-karriere\/","title":{"rendered":"Datenschutz Karriere"},"content":{"rendered":"<section class=\"wpb-content-wrapper\"><p>[vc_row][vc_column css=&#8221;.vc_custom_1740754111109{padding-top: 150px !important;}&#8221;][vc_column_text]<\/p>\n<h1><span style=\"font-weight: 400\">Datenschutz <\/span><\/h1>\n<h4><span style=\"font-weight: 400\">B<\/span><span style=\"font-weight: 400\">ewerbung und Besch\u00e4ftigungsverh\u00e4ltnis<\/span><span style=\"font-weight: 400\">\u00a0<\/span><\/h4>\n<p><span style=\"font-weight: 400\">Informationen gem\u00e4\u00df Art. 13 und Art. 14 DSGVO<\/span><\/p>\n<p><span style=\"font-weight: 400\">Der Verantwortliche im Sinne der Datenschutz-Grundverordnung ist die:<\/span><span style=\"font-weight: 400\">\u00a0<\/span><\/p>\n<p><span style=\"font-weight: 400\">Gecco Media GmbH<\/span><span style=\"font-weight: 400\"><br \/>\n<\/span><span style=\"font-weight: 400\">Robert-Perthel-Stra\u00dfe 3<br \/>\n50739 K\u00f6ln<\/span><span style=\"font-weight: 400\"><br \/>\n<\/span><span style=\"font-weight: 400\">Deutschland<\/span><\/p>\n<p><span style=\"font-weight: 400\">Tel.: +49 221 29999 410<\/span><span style=\"font-weight: 400\"><br \/>\n<\/span><span style=\"font-weight: 400\">E-Mail: office@geccomedia.de<\/span><span style=\"font-weight: 400\"><br \/>\n<\/span><span style=\"font-weight: 400\">Website: <\/span><a href=\"https:\/\/www.gecco-beratung.de\/\"><span style=\"font-weight: 400\">www.gecco-beratung.de<\/span><\/a><\/p>\n<p>&nbsp;<\/p>\n<h5>Rechtsgrundlage der Datenverarbeitung<\/h5>\n<ul>\n<li style=\"font-weight: 400\"><span style=\"font-weight: 400\">Art. 6 Abs. 1 lit. b DSGVO (Begr\u00fcndung und Durchf\u00fchrung eines \u201eVertragsverh\u00e4ltnisses\u201c)<\/span><\/li>\n<li style=\"font-weight: 400\"><span style=\"font-weight: 400\">\u00a7 26 BDSG (Datenverarbeitung f\u00fcr Zwecke des Besch\u00e4ftigungsverh\u00e4ltnisses)<\/span><\/li>\n<li style=\"font-weight: 400\"><span style=\"font-weight: 400\">Art. 6 Abs. 1 lit. c DSGVO (Erf\u00fcllung rechtlicher Verpflichtungen)<\/span><\/li>\n<\/ul>\n<p><span style=\"font-weight: 400\">\u00a0<\/span><\/p>\n<h5><b>Zwecke der Verarbeitung<\/b><\/h5>\n<p><span style=\"font-weight: 400\">Bewerbung:<\/span><\/p>\n<ul>\n<li><span style=\"font-weight: 400\">Auswahl von geeigneten Bewerbern<\/span><\/li>\n<li style=\"font-weight: 400\"><span style=\"font-weight: 400\">Anonymisierte Statistik \u00fcber eingegangene Bewerbungen<\/span><\/li>\n<\/ul>\n<p><span style=\"font-weight: 400\">Besch\u00e4ftigung:<\/span><\/p>\n<p><span style=\"font-weight: 400\">Erf\u00fcllung eines Besch\u00e4ftigungsverh\u00e4ltnisses einschlie\u00dflich der Erf\u00fcllung rechtlicher Vorgaben (z.B. Meldungen an Beh\u00f6rden, Abf\u00fchrung von Steuern und Beitr\u00e4gen zu Sozialversicherungen)<\/span><\/p>\n<p><span style=\"font-weight: 400\">\u00a0<\/span><\/p>\n<h5><b>Empf\u00e4nger (-Kategorien) der personenbezogenen Daten und Datenquellen:<\/b><\/h5>\n<h5><span style=\"font-weight: 400\">Bewerbung<\/span><span style=\"font-weight: 400\">:<\/span><\/h5>\n<p><span style=\"font-weight: 400\">Bewerbungen werden i.d.R. direkt beim Bewerber erhoben und ggf. im Auftrag des Verantwortlichen durch die Gecco Media GmbH bearbeitet. Es erfolgt keine \u00dcbermittlung an andere Stellen au\u00dferhalb des Unternehmens, sondern nur Einsicht durch zentrale Personalabteilung und innerbetriebliche Entscheider.\u00a0<\/span><\/p>\n<p><span style=\"font-weight: 400\">\u00a0<\/span><\/p>\n<p><span style=\"font-weight: 400\">Besch\u00e4ftigung<\/span><span style=\"font-weight: 400\">:<\/span><\/p>\n<p><span style=\"font-weight: 400\">Die Personalverwaltung erfolgt zentral durch die Gecco Media GmbH . Weitere Empf\u00e4nger sind Beh\u00f6rden (z.B. Finanzamt), sonstige Stellen und Sozialversicherungen, welche jeweils nur die Informationen erhalten, die aus einem Besch\u00e4ftigungsverh\u00e4ltnis heraus mitzuteilen sind.\u00a0<\/span><\/p>\n<p>&nbsp;<\/p>\n<h5><b>Speicherdauer:<\/b><\/h5>\n<p><span style=\"font-weight: 400\">Bewerberdaten<\/span><span style=\"font-weight: 400\">:<\/span><\/p>\n<p><span style=\"font-weight: 400\">Diese Daten werden bis zum Ende des Bewerbungs-Prozesses aufgehoben. Bei Einstellung gehen diese in die Personalakte \u00fcber. Bei Ablehnung erfolgt eine R\u00fccksendung (Papierakte) bzw. L\u00f6schung der personenbezogenen Bewerberinformationen sp\u00e4testens nach 4 Monaten unter Ber\u00fccksichtigung des AGG.\u00a0<\/span><\/p>\n<p><span style=\"font-weight: 400\">\u00a0<\/span><\/p>\n<p><span style=\"font-weight: 400\">Mitarbeiterdaten<\/span><span style=\"font-weight: 400\">:<\/span><\/p>\n<p><span style=\"font-weight: 400\">Bewerbungsdaten von Besch\u00e4ftigten werden fr\u00fchestens zum Ende des Besch\u00e4ftigungsverh\u00e4ltnisses gel\u00f6scht. Bei Papier-Bewerbungen kann eine R\u00fcckgabe nach Digitalisierung auch bereits fr\u00fcher erfolgen. Nach Beendigung des Besch\u00e4ftigungsverh\u00e4ltnisses werden die bereitgestellten Bewerbungsdokumente nach Abwicklung offener Punkte und Ablauf von m\u00f6glichen Aufbewahrungsfristen dem Mitarbeiter ausgeh\u00e4ndigt oder gel\u00f6scht.<\/span><\/p>\n<p><span style=\"font-weight: 400\">Mitarbeiter-Informationen, welche im Rahmen des Besch\u00e4ftigungsverh\u00e4ltnisses anfallen, werden nach Ablauf von Aufbewahrungsfristen (z.B. Informationen zur Rentenversicherung) bzw. bei Wegfall des Zweckes (z.B. Krankmeldungen, Urlaubsantr\u00e4ge, Abmahnungen, Leistungsnachweise) gel\u00f6scht bzw. vernichtet. Dies kann teilweise auch bereits w\u00e4hrend der Besch\u00e4ftigung eintreten. Einige Fristen beginnen erst mit dem Ausscheiden des Mitarbeiters (z.B. Nachweispflicht gegen\u00fcber der gesetzlichen Rentenversicherung). Eine Vernichtung oder L\u00f6schung dieser Informationen erfolgt erst nach Ablauf dieser Fristen, soweit der Mitarbeiter kein Interesse an einer l\u00e4ngeren Speicherung bekundet haben sollte.<\/span><\/p>\n<p><span style=\"font-weight: 400\">\u00a0<\/span><span style=\"font-weight: 400\">\u00a0<\/span><\/p>\n<h5><b>Ihre Rechte \u2013 Rechte der betroffenen Person nach DSGVO:<\/b><\/h5>\n<p><span style=\"font-weight: 400\">Art. 12 \u2013 23 DSGVO regeln die Rechte der betroffenen Person, d.h. Ihre Rechte bez\u00fcglich des Umgangs mit Ihren personenbezogenen Daten. Diese sind uns gegen\u00fcber im Wesentlichen:<\/span><\/p>\n<ul>\n<li style=\"font-weight: 400\"><span style=\"font-weight: 400\">Recht auf Auskunft nach Art. 15 DSGVO<\/span><\/li>\n<li style=\"font-weight: 400\"><span style=\"font-weight: 400\">Recht auf Berichtigung nach Art. 16 DSGVO<\/span><\/li>\n<li style=\"font-weight: 400\"><span style=\"font-weight: 400\">Recht auf L\u00f6schung nach Art. 17 DSGVO<\/span><\/li>\n<li style=\"font-weight: 400\"><span style=\"font-weight: 400\">Recht auf Einschr\u00e4nkung der Verarbeitung nach Art. 18 DSGVO<\/span><\/li>\n<li style=\"font-weight: 400\"><span style=\"font-weight: 400\">Soweit anwendbar: Recht auf Daten\u00fcbertragbarkeit nach Art. 20 DSGVO<\/span><\/li>\n<li style=\"font-weight: 400\"><span style=\"font-weight: 400\">Recht auf Widerspruch gegen die Verarbeitung nach Art. 21 DSGVO<\/span><\/li>\n<li style=\"font-weight: 400\"><span style=\"font-weight: 400\">Beschwerderecht: Sie haben nach Art. 13 Abs. 2 lit. d DSGVO das Recht, bei einer Datenschutzaufsichtsbeh\u00f6rde Beschwerde einzulegen. Eine Liste der Datenschutzbeauftragten sowie deren Kontaktdaten k\u00f6nnen Sie dem nachfolgenden Link entnehmen:<\/span><span style=\"font-weight: 400\"><br \/>\n<\/span><a href=\"https:\/\/www.bfdi.bund.de\/DE\/Infothek\/Anschriften_Links\/anschriften_links-node.html\"><span style=\"font-weight: 400\">https:\/\/www.bfdi.bund.de\/DE\/Infothek\/Anschriften_Links\/anschriften_links-node.html<\/span><\/a><\/li>\n<\/ul>\n<p><span style=\"font-weight: 400\">\u00a0<\/span><\/p>\n<p><span style=\"font-weight: 400\">Stand: 05.05.2025<\/span>[\/vc_column_text][\/vc_column][\/vc_row]<\/p>\n<\/section>","protected":false},"excerpt":{"rendered":"<p>[vc_row][vc_column css=&#8221;.vc_custom_1740754111109{padding-top: 150px !important;}&#8221;][vc_column_text] Datenschutz Bewerbung und Besch\u00e4ftigungsverh\u00e4ltnis\u00a0 Informationen gem\u00e4\u00df Art. 13 und Art. 14 DSGVO Der Verantwortliche im Sinne der Datenschutz-Grundverordnung ist die:\u00a0 Gecco Media GmbH [&hellip;]<\/p>\n","protected":false},"author":12,"featured_media":0,"parent":0,"menu_order":0,"comment_status":"closed","ping_status":"closed","template":"","meta":[],"yoast_head":"<!-- This site is optimized with the Yoast SEO plugin v19.8 - https:\/\/yoast.com\/wordpress\/plugins\/seo\/ -->\n<title>Datenschutz \u2022 GECCO Fahrschulen<\/title>\n<meta name=\"description\" content=\"Wir sind eine st\u00e4ndig wachsende Gemeinschaft selbst\u00e4ndiger Fahrschulen, die ihre Kr\u00e4fte unter einem Dach b\u00fcndeln. Steig ein in die Zukunft deiner Fahrschule!\" \/>\n<meta name=\"robots\" content=\"index, follow, max-snippet:-1, max-image-preview:large, max-video-preview:-1\" \/>\n<link rel=\"canonical\" href=\"https:\/\/gecco-beratung.de\/fahrschule\/datenschutz-karriere\/\" \/>\n<meta property=\"og:locale\" content=\"de_DE\" \/>\n<meta property=\"og:type\" content=\"article\" \/>\n<meta property=\"og:title\" content=\"Datenschutz \u2022 GECCO Fahrschulen\" \/>\n<meta property=\"og:description\" content=\"Wir sind eine st\u00e4ndig wachsende Gemeinschaft selbst\u00e4ndiger Fahrschulen, die ihre Kr\u00e4fte unter einem Dach b\u00fcndeln. Steig ein in die Zukunft deiner Fahrschule!\" \/>\n<meta property=\"og:url\" content=\"https:\/\/gecco-beratung.de\/fahrschule\/datenschutz-karriere\/\" \/>\n<meta property=\"og:site_name\" content=\"Gecco Fahrschulen\" \/>\n<meta property=\"article:publisher\" content=\"https:\/\/www.gecco-beratung.de\" \/>\n<meta property=\"article:modified_time\" content=\"2025-05-08T11:24:08+00:00\" \/>\n<meta name=\"twitter:card\" content=\"summary_large_image\" \/>\n<meta name=\"twitter:label1\" content=\"Gesch\u00e4tzte Lesezeit\" \/>\n\t<meta name=\"twitter:data1\" content=\"3\u00a0Minuten\" \/>\n<script type=\"application\/ld+json\" class=\"yoast-schema-graph\">{\"@context\":\"https:\/\/schema.org\",\"@graph\":[{\"@type\":\"WebPage\",\"@id\":\"https:\/\/gecco-beratung.de\/fahrschule\/datenschutz-karriere\/\",\"url\":\"https:\/\/gecco-beratung.de\/fahrschule\/datenschutz-karriere\/\",\"name\":\"Datenschutz \u2022 GECCO Fahrschulen\",\"isPartOf\":{\"@id\":\"https:\/\/gecco-beratung.de\/fahrschule\/#website\"},\"datePublished\":\"2025-02-28T14:50:49+00:00\",\"dateModified\":\"2025-05-08T11:24:08+00:00\",\"description\":\"Wir sind eine st\u00e4ndig wachsende Gemeinschaft selbst\u00e4ndiger Fahrschulen, die ihre Kr\u00e4fte unter einem Dach b\u00fcndeln. Steig ein in die Zukunft deiner Fahrschule!\",\"breadcrumb\":{\"@id\":\"https:\/\/gecco-beratung.de\/fahrschule\/datenschutz-karriere\/#breadcrumb\"},\"inLanguage\":\"de\",\"potentialAction\":[{\"@type\":\"ReadAction\",\"target\":[\"https:\/\/gecco-beratung.de\/fahrschule\/datenschutz-karriere\/\"]}]},{\"@type\":\"BreadcrumbList\",\"@id\":\"https:\/\/gecco-beratung.de\/fahrschule\/datenschutz-karriere\/#breadcrumb\",\"itemListElement\":[{\"@type\":\"ListItem\",\"position\":1,\"name\":\"Home\",\"item\":\"https:\/\/gecco-beratung.de\/fahrschule\/\"},{\"@type\":\"ListItem\",\"position\":2,\"name\":\"Datenschutz Karriere\"}]},{\"@type\":\"WebSite\",\"@id\":\"https:\/\/gecco-beratung.de\/fahrschule\/#website\",\"url\":\"https:\/\/gecco-beratung.de\/fahrschule\/\",\"name\":\"Gecco Fahrschulen\",\"description\":\"\",\"potentialAction\":[{\"@type\":\"SearchAction\",\"target\":{\"@type\":\"EntryPoint\",\"urlTemplate\":\"https:\/\/gecco-beratung.de\/fahrschule\/?s={search_term_string}\"},\"query-input\":\"required name=search_term_string\"}],\"inLanguage\":\"de\"}]}<\/script>\n<!-- \/ Yoast SEO plugin. -->","yoast_head_json":{"title":"Datenschutz \u2022 GECCO Fahrschulen","description":"Wir sind eine st\u00e4ndig wachsende Gemeinschaft selbst\u00e4ndiger Fahrschulen, die ihre Kr\u00e4fte unter einem Dach b\u00fcndeln. Steig ein in die Zukunft deiner Fahrschule!","robots":{"index":"index","follow":"follow","max-snippet":"max-snippet:-1","max-image-preview":"max-image-preview:large","max-video-preview":"max-video-preview:-1"},"canonical":"https:\/\/gecco-beratung.de\/fahrschule\/datenschutz-karriere\/","og_locale":"de_DE","og_type":"article","og_title":"Datenschutz \u2022 GECCO Fahrschulen","og_description":"Wir sind eine st\u00e4ndig wachsende Gemeinschaft selbst\u00e4ndiger Fahrschulen, die ihre Kr\u00e4fte unter einem Dach b\u00fcndeln. Steig ein in die Zukunft deiner Fahrschule!","og_url":"https:\/\/gecco-beratung.de\/fahrschule\/datenschutz-karriere\/","og_site_name":"Gecco Fahrschulen","article_publisher":"https:\/\/www.gecco-beratung.de","article_modified_time":"2025-05-08T11:24:08+00:00","twitter_card":"summary_large_image","twitter_misc":{"Gesch\u00e4tzte Lesezeit":"3\u00a0Minuten"},"schema":{"@context":"https:\/\/schema.org","@graph":[{"@type":"WebPage","@id":"https:\/\/gecco-beratung.de\/fahrschule\/datenschutz-karriere\/","url":"https:\/\/gecco-beratung.de\/fahrschule\/datenschutz-karriere\/","name":"Datenschutz \u2022 GECCO Fahrschulen","isPartOf":{"@id":"https:\/\/gecco-beratung.de\/fahrschule\/#website"},"datePublished":"2025-02-28T14:50:49+00:00","dateModified":"2025-05-08T11:24:08+00:00","description":"Wir sind eine st\u00e4ndig wachsende Gemeinschaft selbst\u00e4ndiger Fahrschulen, die ihre Kr\u00e4fte unter einem Dach b\u00fcndeln. Steig ein in die Zukunft deiner Fahrschule!","breadcrumb":{"@id":"https:\/\/gecco-beratung.de\/fahrschule\/datenschutz-karriere\/#breadcrumb"},"inLanguage":"de","potentialAction":[{"@type":"ReadAction","target":["https:\/\/gecco-beratung.de\/fahrschule\/datenschutz-karriere\/"]}]},{"@type":"BreadcrumbList","@id":"https:\/\/gecco-beratung.de\/fahrschule\/datenschutz-karriere\/#breadcrumb","itemListElement":[{"@type":"ListItem","position":1,"name":"Home","item":"https:\/\/gecco-beratung.de\/fahrschule\/"},{"@type":"ListItem","position":2,"name":"Datenschutz Karriere"}]},{"@type":"WebSite","@id":"https:\/\/gecco-beratung.de\/fahrschule\/#website","url":"https:\/\/gecco-beratung.de\/fahrschule\/","name":"Gecco Fahrschulen","description":"","potentialAction":[{"@type":"SearchAction","target":{"@type":"EntryPoint","urlTemplate":"https:\/\/gecco-beratung.de\/fahrschule\/?s={search_term_string}"},"query-input":"required name=search_term_string"}],"inLanguage":"de"}]}},"_links":{"self":[{"href":"https:\/\/gecco-beratung.de\/fahrschule\/wp-json\/wp\/v2\/pages\/4925"}],"collection":[{"href":"https:\/\/gecco-beratung.de\/fahrschule\/wp-json\/wp\/v2\/pages"}],"about":[{"href":"https:\/\/gecco-beratung.de\/fahrschule\/wp-json\/wp\/v2\/types\/page"}],"author":[{"embeddable":true,"href":"https:\/\/gecco-beratung.de\/fahrschule\/wp-json\/wp\/v2\/users\/12"}],"replies":[{"embeddable":true,"href":"https:\/\/gecco-beratung.de\/fahrschule\/wp-json\/wp\/v2\/comments?post=4925"}],"version-history":[{"count":8,"href":"https:\/\/gecco-beratung.de\/fahrschule\/wp-json\/wp\/v2\/pages\/4925\/revisions"}],"predecessor-version":[{"id":5646,"href":"https:\/\/gecco-beratung.de\/fahrschule\/wp-json\/wp\/v2\/pages\/4925\/revisions\/5646"}],"wp:attachment":[{"href":"https:\/\/gecco-beratung.de\/fahrschule\/wp-json\/wp\/v2\/media?parent=4925"}],"curies":[{"name":"wp","href":"https:\/\/api.w.org\/{rel}","templated":true}]}}