{"id":4159,"date":"2024-12-13T13:47:07","date_gmt":"2024-12-13T12:47:07","guid":{"rendered":"https:\/\/gecco-beratung.de\/fahrschule\/?page_id=4159"},"modified":"2024-12-20T14:51:04","modified_gmt":"2024-12-20T13:51:04","slug":"kunden-werben-kunden","status":"publish","type":"page","link":"https:\/\/gecco-beratung.de\/fahrschule\/kunden-werben-kunden\/","title":{"rendered":"Kunden-werben-Kunden"},"content":{"rendered":"<section class=\"wpb-content-wrapper\"><p>[vc_row css=&#8221;.vc_custom_1734540053557{padding-top: 100px !important;}&#8221;][vc_column][vc_column_text css=&#8221;.vc_custom_1734702225320{padding-bottom: 50px !important;}&#8221;]<\/p>\n<h1 style=\"text-align: left\"><strong>Jetzt Teil der GECCO Family werden &amp;<\/strong><strong>\u00a0150\u20ac Shop-Gutschein sichern!<\/strong><\/h1>\n<p>[\/vc_column_text][vc_column_text css=&#8221;.vc_custom_1734702056165{padding-bottom: 50px !important;}&#8221;]<\/p>\n<p style=\"text-align: left\">Du hast unseren Kunden-werben-Kunden QR-Code erhalten? Perfekt, denn jetzt hast du die Chance, gemeinsam mit deinem Team von besonderen Vorteilen zu profitieren.<\/p>\n<p style=\"text-align: left\">Hier bekommst du einen exklusiven Einblick, wie GECCO dir helfen kann, deine Ziele zu erreichen und dein Unternehmen voranzubringen.<\/p>\n<p style=\"text-align: left\">Und das Beste: Bei einem erfolgreichen Vertragsabschluss belohnen wir dich und deinen Kollegen oder deine Kollegin jeweils mit einem GECCO Shop-Gutschein im Wert von 150\u20ac !<\/p>\n<p>[\/vc_column_text][vc_separator color=&#8221;custom&#8221; align=&#8221;align_left&#8221; border_width=&#8221;2&#8243; accent_color=&#8221;#f2e500&#8243;][vc_empty_space height=&#8221;50px&#8221;][\/vc_column][\/vc_row][vc_row][vc_column width=&#8221;1\/2&#8243;][vc_column_text css=&#8221;.vc_custom_1734701787501{padding-bottom: 50px !important;}&#8221;]<\/p>\n<h2 style=\"text-align: left\"><span class=\"OYPEnA font-feature-liga-off font-feature-clig-off font-feature-calt-off text-decoration-none text-strikethrough-none\">Dein<\/span> <span class=\"OYPEnA font-feature-liga-off font-feature-clig-off font-feature-calt-off text-decoration-none text-strikethrough-none\">Start bei GECCO<\/span><\/h2>\n<p>[\/vc_column_text][vc_column_text]<\/p>\n<h4 style=\"text-align: left\"><span class=\"OYPEnA font-feature-liga-off font-feature-clig-off font-feature-calt-off text-decoration-none text-strikethrough-none\">Kostenloses Erstgespr\u00e4ch<\/span><\/h4>\n<p>[\/vc_column_text][vc_column_text]<\/p>\n<p style=\"text-align: left\"><span class=\"OYPEnA font-feature-liga-off font-feature-clig-off font-feature-calt-off text-decoration-none text-strikethrough-none\">Wir m\u00f6chten Dich, Dein Fahrschule und Deine Ziele kennenlernen, nur so k\u00f6nnen wir Dich individuell beraten.<\/span><\/p>\n<p>[\/vc_column_text][vc_column_text]<\/p>\n<h4 style=\"text-align: left\"><span class=\"OYPEnA font-feature-liga-off font-feature-clig-off font-feature-calt-off text-decoration-none text-strikethrough-none\">Kostenlose Erstanalyse deiner Fahrschule<\/span><\/h4>\n<p>[\/vc_column_text][vc_column_text]<\/p>\n<p style=\"text-align: left\"><span class=\"OYPEnA font-feature-liga-off font-feature-clig-off font-feature-calt-off text-decoration-none text-strikethrough-none\">Wir analysieren mit Hilfe unserer Consultants die wichtigsten Kernzahlen deiner Fahrschule.<\/span><\/p>\n<p>[\/vc_column_text][vc_column_text]<\/p>\n<h4 style=\"text-align: left\"><span class=\"OYPEnA font-feature-liga-off font-feature-clig-off font-feature-calt-off text-decoration-none text-strikethrough-none\">Handlungsempfehlung &amp; Erfolgsbausteine<\/span><\/h4>\n<p>[\/vc_column_text][vc_column_text]<\/p>\n<p style=\"text-align: left\"><span class=\"OYPEnA font-feature-liga-off font-feature-clig-off font-feature-calt-off text-decoration-none text-strikethrough-none\">Wir erstellen dir einen ersten Ma\u00dfnahmenplan und geben dir einen \u00dcberblick, wie GECCO dich bei der Erreichung deiner Ziele unterst\u00fctzen kann.<\/span><\/p>\n<p>[\/vc_column_text][vc_text_separator title=&#8221;&#8221; color=&#8221;white&#8221; css=&#8221;.vc_custom_1734691215668{padding-top: 50px !important;}&#8221;][vc_btn title=&#8221;<b> Jetzt kostenlosen Beratungstermin buchen&#8221; style=&#8221;gradient-custom&#8221; gradient_custom_color_1=&#8221;#f2e500&#8243; gradient_custom_color_2=&#8221;#f2e500&#8243; gradient_text_color=&#8221;#000000&#8243; size=&#8221;lg&#8221; align=&#8221;center&#8221; i_icon_fontawesome=&#8221;far fa-calendar-alt&#8221; add_icon=&#8221;true&#8221; link=&#8221;url:https%3A%2F%2Fgecco-beratung.de%2Ffahrschule%2Fkontakt%2F|title:Kontakt&#8221;][vc_empty_space height=&#8221;60px&#8221;][\/vc_column][vc_column width=&#8221;1\/2&#8243;][vc_single_image image=&#8221;3246&#8243; img_size=&#8221;full&#8221; alignment=&#8221;center&#8221;][\/vc_column][\/vc_row][vc_row][vc_column][vc_row_inner][vc_column_inner css=&#8221;.vc_custom_1734691940307{padding-top: 50px !important;}&#8221;][vc_column_text]<\/b><\/p>\n<h2 style=\"text-align: left\"><span class=\"OYPEnA font-feature-liga-off font-feature-clig-off font-feature-calt-off text-decoration-none text-strikethrough-none\">Unsere Bausteine f\u00fcr deinen Erfolg<\/span><\/h2>\n<p style=\"text-align: left\">Ob Komplettpaket oder Feintuning: Stelle dir dein eigenes Werkzeug zusammen und bringe deine Fahrschule in s\u00e4mtlichen Gesch\u00e4ftsbereichen nach vorne.<\/p>\n<p>[\/vc_column_text][vc_empty_space height=&#8221;50px&#8221;][\/vc_column_inner][\/vc_row_inner][\/vc_column][\/vc_row][vc_row][vc_column width=&#8221;1\/4&#8243; offset=&#8221;vc_hidden-sm vc_hidden-xs&#8221;][vc_icon icon_fontawesome=&#8221;fas fa-graduation-cap&#8221; color=&#8221;custom&#8221; size=&#8221;xl&#8221; custom_color=&#8221;#f2e500&#8243;][\/vc_column][vc_column width=&#8221;3\/4&#8243;][vc_column_text]<\/p>\n<h4 style=\"text-align: left\"><span style=\"color: #006375\">FUN LEARN<\/span><b><br \/>\n<\/b>Du hast das beste Theoriekonzept<\/h4>\n<p style=\"text-align: left\"><strong><span style=\"font-weight: 300\"><span class=\"OYPEnA font-feature-liga-off font-feature-clig-off font-feature-calt-off text-decoration-none text-strikethrough-none\">Mit unserem bew\u00e4hrten FUN LEARN Konzept bringst Du deinen Theorieunterricht der Klassen A und B auf ein n\u00e4chstes Level.<\/span>\u00a0Und das alles in nur 7 Tagen!\u00a0<\/span><\/strong><\/p>\n<p style=\"text-align: left\"><strong><a href=\"https:\/\/gecco-beratung.de\/fahrschule\/erfolgsbausteine\/fun-learn\/\">Mehr erfahren &gt;<\/a><\/strong><\/p>\n<p>[\/vc_column_text][vc_empty_space][\/vc_column][\/vc_row][vc_row][vc_column width=&#8221;1\/4&#8243; offset=&#8221;vc_hidden-sm vc_hidden-xs&#8221;][vc_icon icon_fontawesome=&#8221;far fa-comments&#8221; color=&#8221;custom&#8221; size=&#8221;xl&#8221; custom_color=&#8221;#f2e500&#8243;][\/vc_column][vc_column width=&#8221;3\/4&#8243;][vc_column_text]<\/p>\n<h4 style=\"text-align: left\"><span style=\"color: #006375\">GECCO Consulting<\/span><br \/>\n<span style=\"font-weight: 300\"><span class=\"OYPEnA font-feature-liga-off font-feature-clig-off font-feature-calt-off text-decoration-none text-strikethrough-none\">Gemeinsam sind wir stark<\/span><\/span><\/h4>\n<p style=\"text-align: left\"><span style=\"font-weight: 300\"><span class=\"OYPEnA font-feature-liga-off font-feature-clig-off font-feature-calt-off text-decoration-none text-strikethrough-none\">Als Mitglied des GECCO NETZWERKS profitierst du von regelm\u00e4\u00dfigen Erfahrungsaustausch-Treffen (ERFA\u2019s) und einem Online-Netzwerk mit Branchenprofis und Kollegen.<\/span><\/span><\/p>\n<p style=\"text-align: left\"><strong><a href=\"https:\/\/gecco-beratung.de\/fahrschule\/erfolgsbausteine\/gecco-consulting\/\">Mehr erfahren &gt;<\/a><\/strong><\/p>\n<h2 style=\"text-align: left\"><\/h2>\n<p>[\/vc_column_text][vc_empty_space][\/vc_column][\/vc_row][vc_row][vc_column width=&#8221;1\/4&#8243; offset=&#8221;vc_hidden-sm vc_hidden-xs&#8221;][vc_icon icon_fontawesome=&#8221;far fa-heart&#8221; color=&#8221;custom&#8221; size=&#8221;xl&#8221; custom_color=&#8221;#f2e500&#8243;][\/vc_column][vc_column width=&#8221;3\/4&#8243;][vc_column_text]<\/p>\n<h4 style=\"text-align: left\"><span style=\"color: #006375\">GECCO Netzwerk<\/span><br \/>\nDu hast die st\u00e4rksten Partner<\/h4>\n<p style=\"text-align: left\"><span class=\"OYPEnA font-feature-liga-off font-feature-clig-off font-feature-calt-off text-decoration-none text-strikethrough-none\">Gemeinsam sind wir stark: Als Mitglied des GECCO NETZWERKS profitierst du von regelm\u00e4\u00dfigen Erfahrungsaustausch-Treffen (ERFA\u2019s) und einem Online-Netzwerk mit Branchenprofis und Kollegen.<\/span><\/p>\n<p style=\"text-align: left\"><strong><a href=\"https:\/\/gecco-beratung.de\/fahrschule\/erfolgsbausteine\/gecco-netzwerk\/\">Mehr erfahren &gt;<\/a><\/strong><\/p>\n<p>[\/vc_column_text][vc_empty_space][\/vc_column][\/vc_row][vc_row][vc_column width=&#8221;1\/4&#8243; offset=&#8221;vc_hidden-sm vc_hidden-xs&#8221;][vc_icon icon_fontawesome=&#8221;far fa-lightbulb&#8221; color=&#8221;custom&#8221; size=&#8221;xl&#8221; custom_color=&#8221;#f2e500&#8243;][\/vc_column][vc_column width=&#8221;3\/4&#8243;][vc_column_text]<\/p>\n<h4 style=\"text-align: left\"><span style=\"color: #006375\">GECCO Seminare<\/span><br \/>\nDu und dein Team bauen Kompetenzen auf<\/h4>\n<p style=\"text-align: left\"><span class=\"OYPEnA font-feature-liga-off font-feature-clig-off font-feature-calt-off text-decoration-none text-strikethrough-none\">In zahlreichen analogen und digitalen Veranstaltungen und Workshops vermitteln wir branchenspezifisches Fachwissen und relevante Kompetenzen.<\/span><\/p>\n<p style=\"text-align: left\"><strong><a href=\"https:\/\/gecco-beratung.de\/fahrschule\/erfolgsbausteine\/gecco-seminare\/\">Mehr erfahren &gt;<\/a><\/strong><\/p>\n<p>[\/vc_column_text][vc_empty_space][\/vc_column][\/vc_row][vc_row][vc_column width=&#8221;1\/4&#8243; offset=&#8221;vc_hidden-sm vc_hidden-xs&#8221;][vc_icon icon_fontawesome=&#8221;fas fa-tv&#8221; color=&#8221;custom&#8221; size=&#8221;xl&#8221; custom_color=&#8221;#f2e500&#8243;][\/vc_column][vc_column width=&#8221;3\/4&#8243;][vc_column_text]<\/p>\n<h4 style=\"text-align: left\"><span style=\"color: #006375\">GECCO Website<\/span><br \/>\nDu hast eine herausragende Pr\u00e4senz<\/h4>\n<p style=\"text-align: left\">Verschaffe deiner Website den entscheidenden Vorteil! Die GECCO Website ist die ultimative L\u00f6sung, um deinen Online-Marktauftritt zu optimieren und deine Sichtbarkeit zu maximieren.<\/p>\n<p style=\"text-align: left\"><strong><a href=\"https:\/\/gecco-beratung.de\/fahrschule\/erfolgsbausteine\/gecco-website\/\">Mehr erfahren &gt;<\/a><\/strong><\/p>\n<p>[\/vc_column_text][vc_empty_space][\/vc_column][\/vc_row][vc_row][vc_column width=&#8221;1\/4&#8243; offset=&#8221;vc_hidden-sm vc_hidden-xs&#8221;][vc_icon icon_fontawesome=&#8221;far fa-eye&#8221; color=&#8221;custom&#8221; size=&#8221;xl&#8221; custom_color=&#8221;#f2e500&#8243;][\/vc_column][vc_column width=&#8221;3\/4&#8243;][vc_column_text]<\/p>\n<h4 style=\"text-align: left\"><span style=\"color: #006375\">GECCO Marketing<\/span><br \/>\nDeine Werbung wird gesehen<\/h4>\n<p style=\"text-align: left\"><span class=\"OYPEnA font-feature-liga-off font-feature-clig-off font-feature-calt-off text-decoration-none text-strikethrough-none\">Minimaler Aufwand, maximale Wirkung: St\u00e4rke Deinen Marktauftritt mit unserer Palette an erfolgserprobten Marketingma\u00dfnahmen.<\/span><\/p>\n<p style=\"text-align: left\"><strong><a href=\"https:\/\/gecco-beratung.de\/fahrschule\/erfolgsbausteine\/gecco-marketing\/\">Mehr erfahren &gt;<\/a><\/strong><\/p>\n<p>[\/vc_column_text][vc_empty_space][\/vc_column][\/vc_row][vc_row][vc_column css=&#8221;.vc_custom_1734693552388{border-bottom-width: 100px !important;padding-top: 100px !important;}&#8221;][vc_separator color=&#8221;custom&#8221; align=&#8221;align_left&#8221; border_width=&#8221;2&#8243; accent_color=&#8221;#f2e500&#8243;][vc_empty_space height=&#8221;100px&#8221;][vc_column_text]<\/p>\n<h2 style=\"text-align: left\"><strong>\u00dcber 500 Fahrschulen vertrauen auf unsere Expertise!<\/strong><\/h2>\n<p style=\"text-align: left\">Seit 15 Jahren unterst\u00fctzen wir Fahrschulen dabei, ihre Prozesse zu optimieren und ihren Erfolg zu steigern. Unsere ma\u00dfgeschneiderten L\u00f6sungen basieren auf der Zusammenarbeit mit \u00fcber 500 Fahrschulen in ganz Deutschland. Deine Fahrschule k\u00f6nnte die n\u00e4chste sein!<\/p>\n<p>[\/vc_column_text][vc_images_carousel images=&#8221;4040,4033,4041,4039&#8243; img_size=&#8221;large&#8221; onclick=&#8221;link_no&#8221; slides_per_view=&#8221;4&#8243; hide_pagination_control=&#8221;yes&#8221; hide_prev_next_buttons=&#8221;yes&#8221; css_animation=&#8221;zoomIn&#8221;][vc_empty_space height=&#8221;100px&#8221;][\/vc_column][\/vc_row][vc_row][vc_column width=&#8221;1\/4&#8243;][\/vc_column][vc_column width=&#8221;1\/2&#8243;][vc_row_inner][\/vc_row_inner][vc_column_text]<\/p>\n<h2 style=\"text-align: left\">Starte jetzt deine Zukunft mit GECCO<\/h2>\n<p>[\/vc_column_text]\n<div class=\"wpcf7 no-js\" id=\"wpcf7-f4014-o1\" lang=\"de-DE\" dir=\"ltr\">\n<div class=\"screen-reader-response\"><p role=\"status\" aria-live=\"polite\" aria-atomic=\"true\"><\/p> <ul><\/ul><\/div>\n<form action=\"\/fahrschule\/wp-json\/wp\/v2\/pages\/4159#wpcf7-f4014-o1\" method=\"post\" class=\"wpcf7-form init\" aria-label=\"Kontaktformular\" novalidate=\"novalidate\" data-status=\"init\">\n<div style=\"display: none;\">\n<input type=\"hidden\" name=\"_wpcf7\" value=\"4014\" \/>\n<input type=\"hidden\" name=\"_wpcf7_version\" value=\"5.7.6\" \/>\n<input type=\"hidden\" name=\"_wpcf7_locale\" value=\"de_DE\" \/>\n<input type=\"hidden\" name=\"_wpcf7_unit_tag\" value=\"wpcf7-f4014-o1\" \/>\n<input type=\"hidden\" name=\"_wpcf7_container_post\" value=\"0\" \/>\n<input type=\"hidden\" name=\"_wpcf7_posted_data_hash\" value=\"\" \/>\n<input type=\"hidden\" name=\"_wpcf7_recaptcha_response\" value=\"\" \/>\n<\/div>\n<p><label> Dein Name<br \/>\n<span class=\"wpcf7-form-control-wrap\" data-name=\"your-name\"><input size=\"40\" class=\"wpcf7-form-control wpcf7-text wpcf7-validates-as-required\" autocomplete=\"name\" aria-required=\"true\" aria-invalid=\"false\" value=\"\" type=\"text\" name=\"your-name\" \/><\/span> <\/label>\n<\/p>\n<p><label> Deine E-Mail-Adresse<br \/>\n<span class=\"wpcf7-form-control-wrap\" data-name=\"your-email\"><input size=\"40\" class=\"wpcf7-form-control wpcf7-text wpcf7-email wpcf7-validates-as-required wpcf7-validates-as-email\" autocomplete=\"email\" aria-required=\"true\" aria-invalid=\"false\" value=\"\" type=\"email\" name=\"your-email\" \/><\/span> <\/label>\n<\/p>\n<p><label> Deine Telefonnummer<br \/>\n<span class=\"wpcf7-form-control-wrap\" data-name=\"Telefonnummer\"><input size=\"40\" class=\"wpcf7-form-control wpcf7-text wpcf7-tel wpcf7-validates-as-required wpcf7-validates-as-tel\" autocomplete=\"tel\" aria-required=\"true\" aria-invalid=\"false\" value=\"\" type=\"tel\" name=\"Telefonnummer\" \/><\/span> <\/label>\n<\/p>\n<p><label> Von wem hast du diese Empfehlung erhalten?<br \/>\n<span class=\"wpcf7-form-control-wrap\" data-name=\"Empfehler\"><input size=\"40\" class=\"wpcf7-form-control wpcf7-text wpcf7-validates-as-required\" aria-required=\"true\" aria-invalid=\"false\" placeholder=\"Name oder Fahrschule\" value=\"\" type=\"text\" name=\"Empfehler\" \/><\/span> <\/label>\n<\/p>\n<p><span class=\"wpcf7-form-control-wrap\" data-name=\"acceptance-0\"><span class=\"wpcf7-form-control wpcf7-acceptance\"><span class=\"wpcf7-list-item\"><label><input type=\"checkbox\" name=\"acceptance-0\" value=\"1\" aria-invalid=\"false\" \/><span class=\"wpcf7-list-item-label\">Ich habe die <a href=\"https:\/\/gecco-beratung.de\/fahrschule\/datenschutz-agb\/\">Datenschutzhinweise<\/a> zur Kenntnis genommen und bin mit ihnen einverstanden. Erteilte Einwilligungen kann ich jederzeit widerrufen.<\/span><\/label><\/span><\/span><\/span>\n<\/p>\n<p><input class=\"wpcf7-form-control has-spinner wpcf7-submit\" type=\"submit\" value=\"Senden\" \/>\n<\/p><div class=\"wpcf7-response-output\" aria-hidden=\"true\"><\/div>\n<\/form>\n<\/div>\n[\/vc_column][vc_column width=&#8221;1\/4&#8243;][\/vc_column][\/vc_row][vc_row][vc_column][vc_column_inner][\/vc_column_inner][\/vc_column][\/vc_row]<\/p>\n<\/section>","protected":false},"excerpt":{"rendered":"<p>[vc_row css=&#8221;.vc_custom_1734540053557{padding-top: 100px !important;}&#8221;][vc_column][vc_column_text css=&#8221;.vc_custom_1734702225320{padding-bottom: 50px !important;}&#8221;] Jetzt Teil der GECCO Family werden &amp;\u00a0150\u20ac Shop-Gutschein sichern! [\/vc_column_text][vc_column_text css=&#8221;.vc_custom_1734702056165{padding-bottom: 50px !important;}&#8221;] Du hast unseren Kunden-werben-Kunden QR-Code erhalten? Perfekt, [&hellip;]<\/p>\n","protected":false},"author":12,"featured_media":0,"parent":0,"menu_order":0,"comment_status":"closed","ping_status":"closed","template":"","meta":[],"yoast_head":"<!-- This site is optimized with the Yoast SEO plugin v19.8 - https:\/\/yoast.com\/wordpress\/plugins\/seo\/ -->\n<title>Kunden-werben-Kunden &bull; Gecco Fahrschulen<\/title>\n<meta name=\"description\" content=\"Wir sind eine st\u00e4ndig wachsende Gemeinschaft selbst\u00e4ndiger Fahrschulen, die ihre Kr\u00e4fte unter einem Dach b\u00fcndeln. Steig ein in die Zukunft deiner Fahrschule!\" \/>\n<meta name=\"robots\" content=\"index, follow, max-snippet:-1, max-image-preview:large, max-video-preview:-1\" \/>\n<link rel=\"canonical\" href=\"https:\/\/gecco-beratung.de\/fahrschule\/kunden-werben-kunden\/\" \/>\n<meta property=\"og:locale\" content=\"de_DE\" \/>\n<meta property=\"og:type\" content=\"article\" \/>\n<meta property=\"og:title\" content=\"Kunden-werben-Kunden &bull; Gecco Fahrschulen\" \/>\n<meta property=\"og:description\" content=\"Wir sind eine st\u00e4ndig wachsende Gemeinschaft selbst\u00e4ndiger Fahrschulen, die ihre Kr\u00e4fte unter einem Dach b\u00fcndeln. Steig ein in die Zukunft deiner Fahrschule!\" \/>\n<meta property=\"og:url\" content=\"https:\/\/gecco-beratung.de\/fahrschule\/kunden-werben-kunden\/\" \/>\n<meta property=\"og:site_name\" content=\"Gecco Fahrschulen\" \/>\n<meta property=\"article:publisher\" content=\"https:\/\/www.gecco-beratung.de\" \/>\n<meta property=\"article:modified_time\" content=\"2024-12-20T13:51:04+00:00\" \/>\n<meta name=\"twitter:card\" content=\"summary_large_image\" \/>\n<meta name=\"twitter:label1\" content=\"Gesch\u00e4tzte Lesezeit\" \/>\n\t<meta name=\"twitter:data1\" content=\"3\u00a0Minuten\" \/>\n<script type=\"application\/ld+json\" class=\"yoast-schema-graph\">{\"@context\":\"https:\/\/schema.org\",\"@graph\":[{\"@type\":\"WebPage\",\"@id\":\"https:\/\/gecco-beratung.de\/fahrschule\/kunden-werben-kunden\/\",\"url\":\"https:\/\/gecco-beratung.de\/fahrschule\/kunden-werben-kunden\/\",\"name\":\"Kunden-werben-Kunden &bull; Gecco Fahrschulen\",\"isPartOf\":{\"@id\":\"https:\/\/gecco-beratung.de\/fahrschule\/#website\"},\"datePublished\":\"2024-12-13T12:47:07+00:00\",\"dateModified\":\"2024-12-20T13:51:04+00:00\",\"description\":\"Wir sind eine st\u00e4ndig wachsende Gemeinschaft selbst\u00e4ndiger Fahrschulen, die ihre Kr\u00e4fte unter einem Dach b\u00fcndeln. Steig ein in die Zukunft deiner Fahrschule!\",\"breadcrumb\":{\"@id\":\"https:\/\/gecco-beratung.de\/fahrschule\/kunden-werben-kunden\/#breadcrumb\"},\"inLanguage\":\"de\",\"potentialAction\":[{\"@type\":\"ReadAction\",\"target\":[\"https:\/\/gecco-beratung.de\/fahrschule\/kunden-werben-kunden\/\"]}]},{\"@type\":\"BreadcrumbList\",\"@id\":\"https:\/\/gecco-beratung.de\/fahrschule\/kunden-werben-kunden\/#breadcrumb\",\"itemListElement\":[{\"@type\":\"ListItem\",\"position\":1,\"name\":\"Home\",\"item\":\"https:\/\/gecco-beratung.de\/fahrschule\/\"},{\"@type\":\"ListItem\",\"position\":2,\"name\":\"Kunden-werben-Kunden\"}]},{\"@type\":\"WebSite\",\"@id\":\"https:\/\/gecco-beratung.de\/fahrschule\/#website\",\"url\":\"https:\/\/gecco-beratung.de\/fahrschule\/\",\"name\":\"Gecco Fahrschulen\",\"description\":\"\",\"potentialAction\":[{\"@type\":\"SearchAction\",\"target\":{\"@type\":\"EntryPoint\",\"urlTemplate\":\"https:\/\/gecco-beratung.de\/fahrschule\/?s={search_term_string}\"},\"query-input\":\"required name=search_term_string\"}],\"inLanguage\":\"de\"}]}<\/script>\n<!-- \/ Yoast SEO plugin. -->","yoast_head_json":{"title":"Kunden-werben-Kunden &bull; Gecco Fahrschulen","description":"Wir sind eine st\u00e4ndig wachsende Gemeinschaft selbst\u00e4ndiger Fahrschulen, die ihre Kr\u00e4fte unter einem Dach b\u00fcndeln. Steig ein in die Zukunft deiner Fahrschule!","robots":{"index":"index","follow":"follow","max-snippet":"max-snippet:-1","max-image-preview":"max-image-preview:large","max-video-preview":"max-video-preview:-1"},"canonical":"https:\/\/gecco-beratung.de\/fahrschule\/kunden-werben-kunden\/","og_locale":"de_DE","og_type":"article","og_title":"Kunden-werben-Kunden &bull; Gecco Fahrschulen","og_description":"Wir sind eine st\u00e4ndig wachsende Gemeinschaft selbst\u00e4ndiger Fahrschulen, die ihre Kr\u00e4fte unter einem Dach b\u00fcndeln. Steig ein in die Zukunft deiner Fahrschule!","og_url":"https:\/\/gecco-beratung.de\/fahrschule\/kunden-werben-kunden\/","og_site_name":"Gecco Fahrschulen","article_publisher":"https:\/\/www.gecco-beratung.de","article_modified_time":"2024-12-20T13:51:04+00:00","twitter_card":"summary_large_image","twitter_misc":{"Gesch\u00e4tzte Lesezeit":"3\u00a0Minuten"},"schema":{"@context":"https:\/\/schema.org","@graph":[{"@type":"WebPage","@id":"https:\/\/gecco-beratung.de\/fahrschule\/kunden-werben-kunden\/","url":"https:\/\/gecco-beratung.de\/fahrschule\/kunden-werben-kunden\/","name":"Kunden-werben-Kunden &bull; Gecco Fahrschulen","isPartOf":{"@id":"https:\/\/gecco-beratung.de\/fahrschule\/#website"},"datePublished":"2024-12-13T12:47:07+00:00","dateModified":"2024-12-20T13:51:04+00:00","description":"Wir sind eine st\u00e4ndig wachsende Gemeinschaft selbst\u00e4ndiger Fahrschulen, die ihre Kr\u00e4fte unter einem Dach b\u00fcndeln. Steig ein in die Zukunft deiner Fahrschule!","breadcrumb":{"@id":"https:\/\/gecco-beratung.de\/fahrschule\/kunden-werben-kunden\/#breadcrumb"},"inLanguage":"de","potentialAction":[{"@type":"ReadAction","target":["https:\/\/gecco-beratung.de\/fahrschule\/kunden-werben-kunden\/"]}]},{"@type":"BreadcrumbList","@id":"https:\/\/gecco-beratung.de\/fahrschule\/kunden-werben-kunden\/#breadcrumb","itemListElement":[{"@type":"ListItem","position":1,"name":"Home","item":"https:\/\/gecco-beratung.de\/fahrschule\/"},{"@type":"ListItem","position":2,"name":"Kunden-werben-Kunden"}]},{"@type":"WebSite","@id":"https:\/\/gecco-beratung.de\/fahrschule\/#website","url":"https:\/\/gecco-beratung.de\/fahrschule\/","name":"Gecco Fahrschulen","description":"","potentialAction":[{"@type":"SearchAction","target":{"@type":"EntryPoint","urlTemplate":"https:\/\/gecco-beratung.de\/fahrschule\/?s={search_term_string}"},"query-input":"required name=search_term_string"}],"inLanguage":"de"}]}},"_links":{"self":[{"href":"https:\/\/gecco-beratung.de\/fahrschule\/wp-json\/wp\/v2\/pages\/4159"}],"collection":[{"href":"https:\/\/gecco-beratung.de\/fahrschule\/wp-json\/wp\/v2\/pages"}],"about":[{"href":"https:\/\/gecco-beratung.de\/fahrschule\/wp-json\/wp\/v2\/types\/page"}],"author":[{"embeddable":true,"href":"https:\/\/gecco-beratung.de\/fahrschule\/wp-json\/wp\/v2\/users\/12"}],"replies":[{"embeddable":true,"href":"https:\/\/gecco-beratung.de\/fahrschule\/wp-json\/wp\/v2\/comments?post=4159"}],"version-history":[{"count":36,"href":"https:\/\/gecco-beratung.de\/fahrschule\/wp-json\/wp\/v2\/pages\/4159\/revisions"}],"predecessor-version":[{"id":4521,"href":"https:\/\/gecco-beratung.de\/fahrschule\/wp-json\/wp\/v2\/pages\/4159\/revisions\/4521"}],"wp:attachment":[{"href":"https:\/\/gecco-beratung.de\/fahrschule\/wp-json\/wp\/v2\/media?parent=4159"}],"curies":[{"name":"wp","href":"https:\/\/api.w.org\/{rel}","templated":true}]}}