{"id":36,"date":"2019-04-16T07:05:26","date_gmt":"2019-04-16T07:05:26","guid":{"rendered":"http:\/\/gecco-fahrschulen.de\/fahrschule\/?page_id=36"},"modified":"2025-12-03T13:28:38","modified_gmt":"2025-12-03T12:28:38","slug":"uber-uns","status":"publish","type":"page","link":"https:\/\/gecco-beratung.de\/fahrschule\/uber-uns\/","title":{"rendered":"FAQs"},"content":{"rendered":"<section class=\"wpb-content-wrapper\"><p>[vc_row full_width=&#8221;stretch_row_content_no_spaces&#8221; css=&#8221;.vc_custom_1563905408378{padding-top: 150px !important;padding-bottom: 150px !important;background-image: url(https:\/\/gecco-beratung.de\/fahrschule\/wp-content\/uploads\/sites\/3\/2019\/07\/jon-tyson-hhq1Lxtuwd8-unsplash.jpg?id=1037) !important;background-position: center !important;background-repeat: no-repeat !important;background-size: cover !important;}&#8221;][vc_column][vc_row_inner][vc_column_inner width=&#8221;1\/4&#8243;][\/vc_column_inner][vc_column_inner width=&#8221;1\/2&#8243;][\/vc_column_inner][vc_column_inner width=&#8221;1\/4&#8243;][\/vc_column_inner][\/vc_row_inner][\/vc_column][\/vc_row][vc_row full_width=&#8221;stretch_row&#8221;][vc_column css=&#8221;.vc_custom_1515752113308{padding-right: 0px !important;padding-left: 0px !important;}&#8221;]<header class=\"kd-section-title col-lg-12 text-left     vc_custom_1573716342645\" ><h2 class=\"separator_off\" style=\"color: #293a44;\">FAQs<\/h2><h6 class=\"subtitle \" style=\"color: #293a44;\">Die h\u00e4ufigsten Fragen zum GECCO Konzept<\/h6><\/header>[vc_row_inner css=&#8221;.vc_custom_1560956156804{padding-top: 25px !important;padding-bottom: 50px !important;}&#8221;][vc_column_inner css=&#8221;.vc_custom_1513612085726{padding-right: 45px !important;}&#8221;][vc_toggle title=&#8221;Bleibe ich auch als GECCO selbstst\u00e4ndig?&#8221; css_animation=&#8221;none&#8221;]Ja, selbstverst\u00e4ndlich. Wir wollen in der Gemeinschaft vieler Selbst\u00e4ndiger stark und wettbewerbsf\u00e4hig sein.[\/vc_toggle][vc_toggle title=&#8221;Wie steige ich ein \u2013 und muss ich dann f\u00fcr immer bleiben?&#8221;]Das Prinzip ist: Zuerst kennenlernen, dann ausprobieren und bei Gefallen so lange dabeibleiben, wie du willst. Standardm\u00e4\u00dfig haben wir Vertr\u00e4ge, die \u00fcber 12 Monate laufen und \u00fcber einen Monat K\u00fcndigungsfrist verf\u00fcgen. V\u00f6llig risikofrei: Wenn du mit uns nicht mehr Geld verdienst als wir kosten, dann k\u00fcndige einfach wieder. Die \u00fcber 200 Fahrschulen, die bei uns sind, w\u00fcrden das schlie\u00dflich auch tun \u2026[\/vc_toggle][vc_toggle title=&#8221;Ist GECCO ein Franchise System oder eine Kette?&#8221;]Nein, im Gegenteil! Wir wollen, dass die vielen selbstst\u00e4ndigen Fahrschulen eine Chance haben gegen die gr\u00f6\u00dfer werdenden Ketten und Franchise-Anbieter. Deswegen tun wir uns zusammen. \u2013 GECCO bringt und h\u00e4lt die Selbst\u00e4ndigen zusammen.[\/vc_toggle][vc_toggle title=&#8221;Muss ich jede GECCO Werbeaktion mitmachen?&#8221;]Nat\u00fcrlich nicht. Dein GECCO Coach zeigt dir, was sich bew\u00e4hrt hat und gemeinsam erstellt ihr einen Marketingplan. Du entscheidest, was du willst und was du l\u00e4sst.[\/vc_toggle][vc_toggle title=&#8221;Kann ich mitmachen, auch wenn Marketing nicht mein Ding ist?&#8221;]Auf jeden Fall. Unser System ist sehr einfach und die einzelnen Ma\u00dfnahmen werden alle in 3 Schritten erkl\u00e4rt. Alle unsere Fahrschulen kommen sehr gut damit klar.[\/vc_toggle][vc_toggle title=&#8221;Wer hat denn Zeit f\u00fcr 50 Veranstaltungen im Jahr?!&#8221;]Niemand. Muss auch niemand haben. Die Veranstaltungen sind ein Angebot. Welche dich interessiert und welche du besuchst, ist dir \u00fcberlassen. Nat\u00fcrlich gibt dir dein GECCO Coach gerne eine pers\u00f6nliche Empfehlung.[\/vc_toggle][vc_toggle title=&#8221;Wann sehe ich erste Erfolge?&#8221;]Nat\u00fcrlich h\u00e4ngt das von den individuellen Voraussetzungen deiner Fahrschule sowie deinem pers\u00f6nlichen Einsatz ab. Aber in der Regel siehst du bereits nach den ersten 2 Monaten die ersten Erfolge.[\/vc_toggle][\/vc_column_inner][\/vc_row_inner][\/vc_column][\/vc_row][vc_row full_width=&#8221;stretch_row&#8221;][vc_column css=&#8221;.vc_custom_1515752113308{padding-right: 0px !important;padding-left: 0px !important;}&#8221;][vc_row_inner css=&#8221;.vc_custom_1563906434890{padding-top: 25px !important;}&#8221;][vc_column_inner css=&#8221;.vc_custom_1513612085726{padding-right: 45px !important;}&#8221;][vc_separator color=&#8221;custom&#8221; accent_color=&#8221;#2c5460&#8243;][\/vc_column_inner][\/vc_row_inner][\/vc_column][\/vc_row][vc_row full_width=&#8221;stretch_row&#8221;][vc_column css=&#8221;.vc_custom_1515752113308{padding-right: 0px !important;padding-left: 0px !important;}&#8221;][vc_row_inner css=&#8221;.vc_custom_1563906434890{padding-top: 25px !important;}&#8221;][vc_column_inner css=&#8221;.vc_custom_1513612085726{padding-right: 45px !important;}&#8221;][vc_column_text]<\/p>\n<h4>Weitere Fragen<\/h4>\n<h6>Du hast eine Frage, die hier noch nicht beantwortet wurde? Wir helfen gerne weiter!<\/h6>\n<p>[\/vc_column_text][\/vc_column_inner][\/vc_row_inner][vc_row_inner css=&#8221;.vc_custom_1563906407703{padding-top: 25px !important;padding-bottom: 50px !important;}&#8221;][vc_column_inner width=&#8221;1\/4&#8243;]<div class=\"key-icon-box icon-default icon-top cont-center with-border  \" style=\"background-color: transparent; \" ><div class=\"ib-wrapper\"><i class=\"iconsmind-Home-5 fa\" style=\" \"><\/i> <h6 class=\"service-heading\" >Komm vorbei<\/h6><p >Gecco Media GmbH<br \/>\nBolivarstr. 46<br \/>\n01129 Dresden<\/p><p class=\"ib-link \"><a href=\"https:\/\/maps.app.goo.gl\/fPtt1iZpHC2b5aRG6\" target=\"_self\" title=\"\" >Google Maps \u00f6ffnen<\/a><\/p><\/div><\/div>[\/vc_column_inner][vc_column_inner width=&#8221;1\/4&#8243;]<div class=\"key-icon-box icon-default icon-top cont-center with-border  \" style=\"background-color: transparent; \" ><div class=\"ib-wrapper\"><i class=\"iconsmind-Phone-2 fa\" style=\" \"><\/i> <h6 class=\"service-heading\" >Ruf uns an<\/h6><p >0221 299994-10<\/p><p class=\"ib-link \"><a href=\"tel:0221 299994-10\" target=\"_self\" title=\"\" >Anrufen<\/a><\/p><\/div><\/div>[\/vc_column_inner][vc_column_inner width=&#8221;1\/4&#8243;]<div class=\"key-icon-box icon-default icon-top cont-center with-border  \" style=\"background-color: transparent; \" ><div class=\"ib-wrapper\"><i class=\"iconsmind-Speach-Bubble fa\" style=\" \"><\/i> <h6 class=\"service-heading\" >Chatte mit uns<\/h6><p >0172-3767027<\/p><p class=\"ib-link \"><a href=\"https:\/\/api.whatsapp.com\/send?phone=4915792331402\" target=\"_blank\" title=\"\" >WhatsApp senden<\/a><\/p><\/div><\/div>[\/vc_column_inner][vc_column_inner width=&#8221;1\/4&#8243;]<div class=\"key-icon-box icon-default icon-top cont-center with-border  \" style=\"background-color: transparent; \" ><div class=\"ib-wrapper\"><i class=\"iconsmind-Email fa\" style=\" \"><\/i> <h6 class=\"service-heading\" >Schreib uns<\/h6><p >geccos@gecco-fahrschulen.de<\/p><p class=\"ib-link \"><a href=\"mailto:geccos@geccomedia.de\" target=\"_self\" title=\"\" >Email senden<\/a><\/p><\/div><\/div>[\/vc_column_inner][\/vc_row_inner][\/vc_column][\/vc_row][vc_column][\/vc_column]<\/p>\n<\/section>","protected":false},"excerpt":{"rendered":"<p>[vc_row full_width=&#8221;stretch_row_content_no_spaces&#8221; css=&#8221;.vc_custom_1563905408378{padding-top: 150px !important;padding-bottom: 150px !important;background-image: url(https:\/\/gecco-beratung.de\/fahrschule\/wp-content\/uploads\/sites\/3\/2019\/07\/jon-tyson-hhq1Lxtuwd8-unsplash.jpg?id=1037) !important;background-position: center !important;background-repeat: no-repeat !important;background-size: cover !important;}&#8221;][vc_column][vc_row_inner][vc_column_inner width=&#8221;1\/4&#8243;][\/vc_column_inner][vc_column_inner width=&#8221;1\/2&#8243;][\/vc_column_inner][vc_column_inner width=&#8221;1\/4&#8243;][\/vc_column_inner][\/vc_row_inner][\/vc_column][\/vc_row][vc_row full_width=&#8221;stretch_row&#8221;][vc_column css=&#8221;.vc_custom_1515752113308{padding-right: 0px !important;padding-left: 0px !important;}&#8221;][vc_row_inner css=&#8221;.vc_custom_1560956156804{padding-top: 25px !important;padding-bottom: [&hellip;]<\/p>\n","protected":false},"author":1,"featured_media":0,"parent":0,"menu_order":0,"comment_status":"closed","ping_status":"closed","template":"","meta":[],"yoast_head":"<!-- This site is optimized with the Yoast SEO plugin v19.8 - https:\/\/yoast.com\/wordpress\/plugins\/seo\/ -->\n<title>FAQs \u2022 GECCO Fahrschulen<\/title>\n<meta name=\"description\" content=\"Wir sind eine st\u00e4ndig wachsende Gemeinschaft selbst\u00e4ndiger Fahrschulen, die ihre Kr\u00e4fte unter einem Dach b\u00fcndeln. Steig ein in die Zukunft deiner Fahrschule!\" \/>\n<meta name=\"robots\" content=\"index, follow, max-snippet:-1, max-image-preview:large, max-video-preview:-1\" \/>\n<link rel=\"canonical\" href=\"https:\/\/gecco-beratung.de\/fahrschule\/uber-uns\/\" \/>\n<meta property=\"og:locale\" content=\"de_DE\" \/>\n<meta property=\"og:type\" content=\"article\" \/>\n<meta property=\"og:title\" content=\"FAQs \u2022 GECCO Fahrschulen\" \/>\n<meta property=\"og:description\" content=\"Wir sind eine st\u00e4ndig wachsende Gemeinschaft selbst\u00e4ndiger Fahrschulen, die ihre Kr\u00e4fte unter einem Dach b\u00fcndeln. Steig ein in die Zukunft deiner Fahrschule!\" \/>\n<meta property=\"og:url\" content=\"https:\/\/gecco-beratung.de\/fahrschule\/uber-uns\/\" \/>\n<meta property=\"og:site_name\" content=\"Gecco Fahrschulen\" \/>\n<meta property=\"article:publisher\" content=\"https:\/\/www.gecco-beratung.de\" \/>\n<meta property=\"article:modified_time\" content=\"2025-12-03T12:28:38+00:00\" \/>\n<meta name=\"twitter:card\" content=\"summary_large_image\" \/>\n<meta name=\"twitter:label1\" content=\"Gesch\u00e4tzte Lesezeit\" \/>\n\t<meta name=\"twitter:data1\" content=\"3\u00a0Minuten\" \/>\n<script type=\"application\/ld+json\" class=\"yoast-schema-graph\">{\"@context\":\"https:\/\/schema.org\",\"@graph\":[{\"@type\":\"WebPage\",\"@id\":\"https:\/\/gecco-beratung.de\/fahrschule\/uber-uns\/\",\"url\":\"https:\/\/gecco-beratung.de\/fahrschule\/uber-uns\/\",\"name\":\"FAQs \u2022 GECCO Fahrschulen\",\"isPartOf\":{\"@id\":\"https:\/\/gecco-beratung.de\/fahrschule\/#website\"},\"datePublished\":\"2019-04-16T07:05:26+00:00\",\"dateModified\":\"2025-12-03T12:28:38+00:00\",\"description\":\"Wir sind eine st\u00e4ndig wachsende Gemeinschaft selbst\u00e4ndiger Fahrschulen, die ihre Kr\u00e4fte unter einem Dach b\u00fcndeln. Steig ein in die Zukunft deiner Fahrschule!\",\"breadcrumb\":{\"@id\":\"https:\/\/gecco-beratung.de\/fahrschule\/uber-uns\/#breadcrumb\"},\"inLanguage\":\"de\",\"potentialAction\":[{\"@type\":\"ReadAction\",\"target\":[\"https:\/\/gecco-beratung.de\/fahrschule\/uber-uns\/\"]}]},{\"@type\":\"BreadcrumbList\",\"@id\":\"https:\/\/gecco-beratung.de\/fahrschule\/uber-uns\/#breadcrumb\",\"itemListElement\":[{\"@type\":\"ListItem\",\"position\":1,\"name\":\"Home\",\"item\":\"https:\/\/gecco-beratung.de\/fahrschule\/\"},{\"@type\":\"ListItem\",\"position\":2,\"name\":\"FAQs\"}]},{\"@type\":\"WebSite\",\"@id\":\"https:\/\/gecco-beratung.de\/fahrschule\/#website\",\"url\":\"https:\/\/gecco-beratung.de\/fahrschule\/\",\"name\":\"Gecco Fahrschulen\",\"description\":\"\",\"potentialAction\":[{\"@type\":\"SearchAction\",\"target\":{\"@type\":\"EntryPoint\",\"urlTemplate\":\"https:\/\/gecco-beratung.de\/fahrschule\/?s={search_term_string}\"},\"query-input\":\"required name=search_term_string\"}],\"inLanguage\":\"de\"}]}<\/script>\n<!-- \/ Yoast SEO plugin. -->","yoast_head_json":{"title":"FAQs \u2022 GECCO Fahrschulen","description":"Wir sind eine st\u00e4ndig wachsende Gemeinschaft selbst\u00e4ndiger Fahrschulen, die ihre Kr\u00e4fte unter einem Dach b\u00fcndeln. Steig ein in die Zukunft deiner Fahrschule!","robots":{"index":"index","follow":"follow","max-snippet":"max-snippet:-1","max-image-preview":"max-image-preview:large","max-video-preview":"max-video-preview:-1"},"canonical":"https:\/\/gecco-beratung.de\/fahrschule\/uber-uns\/","og_locale":"de_DE","og_type":"article","og_title":"FAQs \u2022 GECCO Fahrschulen","og_description":"Wir sind eine st\u00e4ndig wachsende Gemeinschaft selbst\u00e4ndiger Fahrschulen, die ihre Kr\u00e4fte unter einem Dach b\u00fcndeln. Steig ein in die Zukunft deiner Fahrschule!","og_url":"https:\/\/gecco-beratung.de\/fahrschule\/uber-uns\/","og_site_name":"Gecco Fahrschulen","article_publisher":"https:\/\/www.gecco-beratung.de","article_modified_time":"2025-12-03T12:28:38+00:00","twitter_card":"summary_large_image","twitter_misc":{"Gesch\u00e4tzte Lesezeit":"3\u00a0Minuten"},"schema":{"@context":"https:\/\/schema.org","@graph":[{"@type":"WebPage","@id":"https:\/\/gecco-beratung.de\/fahrschule\/uber-uns\/","url":"https:\/\/gecco-beratung.de\/fahrschule\/uber-uns\/","name":"FAQs \u2022 GECCO Fahrschulen","isPartOf":{"@id":"https:\/\/gecco-beratung.de\/fahrschule\/#website"},"datePublished":"2019-04-16T07:05:26+00:00","dateModified":"2025-12-03T12:28:38+00:00","description":"Wir sind eine st\u00e4ndig wachsende Gemeinschaft selbst\u00e4ndiger Fahrschulen, die ihre Kr\u00e4fte unter einem Dach b\u00fcndeln. Steig ein in die Zukunft deiner Fahrschule!","breadcrumb":{"@id":"https:\/\/gecco-beratung.de\/fahrschule\/uber-uns\/#breadcrumb"},"inLanguage":"de","potentialAction":[{"@type":"ReadAction","target":["https:\/\/gecco-beratung.de\/fahrschule\/uber-uns\/"]}]},{"@type":"BreadcrumbList","@id":"https:\/\/gecco-beratung.de\/fahrschule\/uber-uns\/#breadcrumb","itemListElement":[{"@type":"ListItem","position":1,"name":"Home","item":"https:\/\/gecco-beratung.de\/fahrschule\/"},{"@type":"ListItem","position":2,"name":"FAQs"}]},{"@type":"WebSite","@id":"https:\/\/gecco-beratung.de\/fahrschule\/#website","url":"https:\/\/gecco-beratung.de\/fahrschule\/","name":"Gecco Fahrschulen","description":"","potentialAction":[{"@type":"SearchAction","target":{"@type":"EntryPoint","urlTemplate":"https:\/\/gecco-beratung.de\/fahrschule\/?s={search_term_string}"},"query-input":"required name=search_term_string"}],"inLanguage":"de"}]}},"_links":{"self":[{"href":"https:\/\/gecco-beratung.de\/fahrschule\/wp-json\/wp\/v2\/pages\/36"}],"collection":[{"href":"https:\/\/gecco-beratung.de\/fahrschule\/wp-json\/wp\/v2\/pages"}],"about":[{"href":"https:\/\/gecco-beratung.de\/fahrschule\/wp-json\/wp\/v2\/types\/page"}],"author":[{"embeddable":true,"href":"https:\/\/gecco-beratung.de\/fahrschule\/wp-json\/wp\/v2\/users\/1"}],"replies":[{"embeddable":true,"href":"https:\/\/gecco-beratung.de\/fahrschule\/wp-json\/wp\/v2\/comments?post=36"}],"version-history":[{"count":49,"href":"https:\/\/gecco-beratung.de\/fahrschule\/wp-json\/wp\/v2\/pages\/36\/revisions"}],"predecessor-version":[{"id":7520,"href":"https:\/\/gecco-beratung.de\/fahrschule\/wp-json\/wp\/v2\/pages\/36\/revisions\/7520"}],"wp:attachment":[{"href":"https:\/\/gecco-beratung.de\/fahrschule\/wp-json\/wp\/v2\/media?parent=36"}],"curies":[{"name":"wp","href":"https:\/\/api.w.org\/{rel}","templated":true}]}}