{"id":3420,"date":"2023-11-09T14:57:23","date_gmt":"2023-11-09T13:57:23","guid":{"rendered":"https:\/\/gecco-fahrschulen.de\/fahrschule\/?page_id=3420"},"modified":"2026-01-08T10:40:33","modified_gmt":"2026-01-08T09:40:33","slug":"erfolgsbausteine","status":"publish","type":"page","link":"https:\/\/gecco-beratung.de\/fahrschule\/erfolgsbausteine\/","title":{"rendered":"Erfolgsbausteine"},"content":{"rendered":"<section class=\"wpb-content-wrapper\"><p>[vc_row full_width=&#8221;stretch_row&#8221; css=&#8221;.vc_custom_1564136229144{background-image: url(https:\/\/gecco-beratung.de\/fahrschule\/wp-content\/uploads\/sites\/3\/2019\/05\/02-00-alex-gorbi-1526779-unsplash-sin-marca-1-e1564136217345.jpg?id=108) !important;background-position: center !important;background-repeat: no-repeat !important;background-size: cover !important;}&#8221;][vc_column][vc_row_inner css=&#8221;.vc_custom_1698752740485{padding-top: 200px !important;padding-bottom: 300px !important;border-radius: 20px !important;}&#8221;][vc_column_inner width=&#8221;1\/4&#8243;][\/vc_column_inner][vc_column_inner width=&#8221;1\/2&#8243;][\/vc_column_inner][vc_column_inner width=&#8221;1\/4&#8243;][\/vc_column_inner][\/vc_row_inner][\/vc_column][\/vc_row][vc_row full_width=&#8221;stretch_row&#8221; css=&#8221;.vc_custom_1567779501100{padding-top: 50px !important;padding-bottom: 50px !important;}&#8221;][vc_column css=&#8221;.vc_custom_1515686761275{padding-right: 0px !important;padding-left: 0px !important;}&#8221;]<header class=\"kd-section-title col-lg-12 text-left     vc_custom_1697108051696\" ><h1 class=\"separator_off\" style=\"color: #006375;\">GECCO macht dich erfolgreicher<\/h1><h6 class=\"subtitle \" style=\"color: #293a44;\">Wir sind eine starke Gemeinschaft mit einem starken Konzept. Wir kennen den Fahrschulalltag und haben unsere Leistungen exakt darauf zugeschnitten. Damit dein Leben leichter, dein Erfolg planbarer und deine Kunden zufriedener und zahlreicher werden.<\/h6><\/header>[vc_separator color=&#8221;custom&#8221; accent_color=&#8221;#eeee22&#8243;][\/vc_column][\/vc_row][vc_row full_width=&#8221;stretch_row&#8221; el_class=&#8221;gecco-home&#8221; css=&#8221;.vc_custom_1698752483021{padding-bottom: 15px !important;}&#8221;][vc_column css=&#8221;.vc_custom_1515686761275{padding-right: 0px !important;padding-left: 0px !important;}&#8221;]<header class=\"kd-section-title col-lg-12 text-left     vc_custom_1699342936308\" ><h2 class=\"separator_off\" style=\"color: #006375;\">UNSERE ERFOLGSBAUSTEINE<\/h2><h6 class=\"subtitle \" style=\"color: #293a44;\">Ob Komplettpaket oder Feintuning:<\/p>\n<p>Stelle dir dein eigenes Werkzeug zusammen und bringe deine Fahrschule in s\u00e4mtlichen Gesch\u00e4ftsbereichen nach vorne.<\/h6><\/header>[vc_empty_space height=&#8221;50&#8243;][vc_row_inner][vc_column_inner width=&#8221;1\/4&#8243; offset=&#8221;vc_hidden-xs&#8221;][vc_icon icon_fontawesome=&#8221;far fa-comments&#8221; color=&#8221;custom&#8221; size=&#8221;xl&#8221; align=&#8221;right&#8221; custom_color=&#8221;#005963&#8243; link=&#8221;url:https%3A%2F%2Fgecco-beratung.de%2Ffahrschule%2Ferfolgsbausteine%2Fgecco-consulting%2F|title:GECCO%20Consulting&#8221; css=&#8221;.vc_custom_1699449172691{padding-right: 32px !important;}&#8221;][\/vc_column_inner][vc_column_inner width=&#8221;1\/2&#8243;][vc_column_text]<\/p>\n<h5><span style=\"color: #006375\">GECCO Consulting<\/span><br \/>\nDu wirst immer besser<\/h5>\n<p><span style=\"font-weight: 300\"><span style=\"color: #333333\">Deine Fahrschule auf Erfolgskurs: Analysieren, Ziele setzen, Ziele umsetzen \u2013 wir begleiten dich professionell auf dem Weg zum Erfolg in allen Unternehmensbereichen.<\/span><br \/>\n<\/span>\u00a0<strong><a href=\"https:\/\/gecco-beratung.de\/fahrschule\/erfolgsbausteine\/gecco-consulting\/\">Mehr erfahren &gt;<\/a><\/strong><\/p>\n<h2><\/h2>\n<p>[\/vc_column_text][vc_empty_space][\/vc_column_inner][vc_column_inner width=&#8221;1\/4&#8243;]<div class=\"kd_counter  large-counter  \" ><div class=\"kd_counter_content\"><h4 class=\"kd_counter_number\"><span class=\"kd_number_string\"  data-from=\"0\" data-to=\"62\" data-refresh-interval=\"50\">0<\/span>\n                                  <span class=\"kd_counter_units\" >%<\/span><\/h4><div class=\"kd_counter_text\" >MEHR GEWINN durch gezielte Ma\u00dfnahmen<\/div><\/div><\/div>[\/vc_column_inner][\/vc_row_inner][vc_row_inner][vc_column_inner width=&#8221;1\/4&#8243; offset=&#8221;vc_hidden-xs&#8221;][vc_icon icon_fontawesome=&#8221;fas fa-graduation-cap&#8221; color=&#8221;custom&#8221; size=&#8221;xl&#8221; align=&#8221;right&#8221; custom_color=&#8221;#005963&#8243; link=&#8221;url:https%3A%2F%2Fgecco-beratung.de%2Ffahrschule%2Ferfolgsbausteine%2Ffun-learn%2F|title:Theoriekonzept&#8221; css=&#8221;.vc_custom_1699448889083{padding-right: 32px !important;}&#8221;][\/vc_column_inner][vc_column_inner width=&#8221;1\/2&#8243;][vc_column_text]<\/p>\n<h5><span style=\"color: #006375\">FUN LEARN<\/span><b><br \/>\n<\/b>Du hast das beste Unterrichtskonzept<\/h5>\n<p><strong><span style=\"font-weight: 300\">Unser FUN LEARN Konzept hebt deinen Theorieunterricht der Klassen A und B auf ein h\u00f6heres Level. Statt einer herk\u00f6mmlichen Lehrer-Sch\u00fcler-Dynamik wird der Fahrlehrer zum Moderator.\u00a0<\/span><br \/>\n<a href=\"https:\/\/gecco-beratung.de\/fahrschule\/erfolgsbausteine\/fun-learn\/\">Mehr erfahren &gt;<\/a><\/strong>[\/vc_column_text][\/vc_column_inner][vc_column_inner width=&#8221;1\/4&#8243;]<div class=\"kd_counter  large-counter  \" ><div class=\"kd_counter_content\"><h4 class=\"kd_counter_number\"><span class=\"kd_number_string\"  data-from=\"0\" data-to=\"93\" data-refresh-interval=\"50\">0<\/span>\n                                  <span class=\"kd_counter_units\" >%<\/span><\/h4><div class=\"kd_counter_text\" >der Fahrschulen sind ZUFRIEDENER als vorher<\/div><\/div><\/div>[\/vc_column_inner][\/vc_row_inner][vc_empty_space][vc_row_inner][vc_column_inner width=&#8221;1\/4&#8243; offset=&#8221;vc_hidden-xs&#8221;][vc_icon icon_fontawesome=&#8221;fas fa-heart&#8221; color=&#8221;custom&#8221; size=&#8221;xl&#8221; align=&#8221;right&#8221; custom_color=&#8221;#005963&#8243; link=&#8221;url:https%3A%2F%2Fgecco-beratung.de%2Ffahrschule%2Ferfolgsbausteine%2Fgecco-netzwerk%2F|title:GECCO%20Netzwerk&#8221; css=&#8221;.vc_custom_1699448957959{padding-right: 32px !important;}&#8221;][\/vc_column_inner][vc_column_inner width=&#8221;1\/2&#8243;][vc_column_text]<\/p>\n<h5><span style=\"color: #006375\">GECCO Netzwerk<\/span><br \/>\nDu hast die st\u00e4rksten Partner<\/h5>\n<p><span style=\"color: #333333\"><span style=\"font-weight: 300\">Gemeinsam sind wir stark: Als Teil des GECCO Netzwerks kannst du von regelm\u00e4\u00dfigen Erfahrungsaustausch-Treffen (ERFA&#8217;s) und einem Online-Netzwerk mit Branchenexperten und Kollegen profitieren.<\/span>\u00a0Mehr erfahren.<\/span><br \/>\n<strong><a href=\"https:\/\/gecco-beratung.de\/fahrschule\/erfolgsbausteine\/gecco-netzwerk\/\">Mehr erfahren &gt;<\/a><\/strong>[\/vc_column_text][\/vc_column_inner][vc_column_inner width=&#8221;1\/4&#8243;]<div class=\"kd_counter  large-counter  \" ><div class=\"kd_counter_content\"><h4 class=\"kd_counter_number\"><span class=\"kd_number_string\"  data-from=\"0\" data-to=\"160\" data-refresh-interval=\"50\">0<\/span>\n                                  <span class=\"kd_counter_units\" >+<\/span><\/h4><div class=\"kd_counter_text\" >FAHRSCHULEN geh\u00f6ren schon zum GECCO Netzwerk<\/div><\/div><\/div>[\/vc_column_inner][\/vc_row_inner][vc_empty_space][vc_row_inner][vc_column_inner width=&#8221;1\/4&#8243; offset=&#8221;vc_hidden-xs&#8221;][vc_icon icon_fontawesome=&#8221;far fa-lightbulb&#8221; color=&#8221;custom&#8221; size=&#8221;xl&#8221; align=&#8221;right&#8221; custom_color=&#8221;#005963&#8243; link=&#8221;url:https%3A%2F%2Fgecco-beratung.de%2Ffahrschule%2Ferfolgsbausteine%2Fgecco-seminare|title:GECCO%20Seminare&#8221; css=&#8221;.vc_custom_1699449275706{padding-right: 32px !important;}&#8221;][\/vc_column_inner][vc_column_inner width=&#8221;1\/2&#8243;][vc_column_text]<\/p>\n<h5><span style=\"color: #006375\">GECCO Seminare<\/span><br \/>\nDu und dein Team bauen Kompetenzen auf<\/h5>\n<p><span style=\"color: #333333\"><span style=\"font-weight: 300\">Von Produktschulungen, \u00fcber spezifische Fortbildungen bis hin zu individuellen Inhouse Seminaren: Wir haben den Finger am Puls der Zeit und versorgen dich und dein Team mit dem n\u00f6tigen Know How f\u00fcr eine zukunftssichere Fahrschule<\/span>.<\/span><br \/>\n<strong><a href=\"https:\/\/gecco-beratung.de\/fahrschule\/erfolgsbausteine\/gecco-seminare\/\">Mehr erfahren &gt;<\/a><\/strong>[\/vc_column_text][\/vc_column_inner][vc_column_inner width=&#8221;1\/4&#8243;]<div class=\"kd_counter  large-counter  \" ><div class=\"kd_counter_content\"><h4 class=\"kd_counter_number\"><span class=\"kd_number_string\"  data-from=\"0\" data-to=\"40\" data-refresh-interval=\"50\">0<\/span>\n                                  <span class=\"kd_counter_units\" >+<\/span><\/h4><div class=\"kd_counter_text\" >Branchenspezifische VERANSTALTUNGEN pro Jahr<\/div><\/div><\/div>[\/vc_column_inner][\/vc_row_inner][vc_empty_space][vc_row_inner][vc_column_inner width=&#8221;1\/4&#8243; offset=&#8221;vc_hidden-xs&#8221;][vc_icon icon_fontawesome=&#8221;fas fa-bullseye&#8221; color=&#8221;custom&#8221; size=&#8221;xl&#8221; align=&#8221;right&#8221; custom_color=&#8221;#005963&#8243; link=&#8221;url:https%3A%2F%2Fgecco-beratung.de%2Ffahrschule%2Ferfolgsbausteine%2Fgecco-marketing%2F|title:GECCO%20Marketing%20&#8243; css=&#8221;.vc_custom_1699449081071{padding-right: 32px !important;}&#8221;][\/vc_column_inner][vc_column_inner width=&#8221;1\/2&#8243;][vc_column_text]<\/p>\n<h5><span style=\"color: #006375\">GECCO Marketing<\/span><br \/>\nDu wirbst besser<\/h5>\n<p><span style=\"font-weight: 300;color: #333333\">Minimaler Aufwand, maximale Wirkung: Verbessere deinen Marktauftritt mit unserer umfassenden Palette von bew\u00e4hrten Marketingma\u00dfnahmen.<\/span><strong><br \/>\n<a href=\"https:\/\/gecco-beratung.de\/fahrschule\/erfolgsbausteine\/gecco-marketing\/\">Mehr erfahren &gt;<\/a><\/strong>[\/vc_column_text][\/vc_column_inner][vc_column_inner width=&#8221;1\/4&#8243;]<div class=\"kd_counter  large-counter  \" ><div class=\"kd_counter_content\"><h4 class=\"kd_counter_number\"><span class=\"kd_number_string\"  data-from=\"0\" data-to=\"30\" data-refresh-interval=\"50\">0<\/span>\n                                  <span class=\"kd_counter_units\" >+<\/span><\/h4><div class=\"kd_counter_text\" >Erfolgserprobte MARKETINGMA\u00dfNHAMEN<\/div><\/div><\/div>[\/vc_column_inner][\/vc_row_inner][vc_empty_space][vc_row_inner][vc_column_inner width=&#8221;1\/4&#8243; offset=&#8221;vc_hidden-xs&#8221;][vc_icon icon_fontawesome=&#8221;fas fa-desktop&#8221; color=&#8221;custom&#8221; size=&#8221;xl&#8221; align=&#8221;right&#8221; custom_color=&#8221;#005963&#8243; link=&#8221;url:https%3A%2F%2Fgecco-beratung.de%2Ffahrschule%2Ferfolgsbausteine%2Fgecco-website%2F|title:Gecco%20Website&#8221; css=&#8221;.vc_custom_1699449125182{padding-right: 32px !important;}&#8221;][\/vc_column_inner][vc_column_inner width=&#8221;1\/2&#8243;][vc_column_text]<\/p>\n<h5><span style=\"color: #006375\">GECCO Website<\/span><br \/>\n<span style=\"color: #000000\">Du hast eine herausragende Internetpr\u00e4senz.<\/span><\/h5>\n<p><span style=\"color: #333333\">Verleih deiner Website den entscheidenden Vorsprung! Die GECCO Website ist die ultimative L\u00f6sung, um deinen Online-Marktauftritt zu perfektionieren und deine Pr\u00e4senz im Internet zu maximieren.<\/span><br \/>\n<a href=\"https:\/\/gecco-beratung.de\/fahrschule\/erfolgsbausteine\/gecco-website\/\"><strong><span style=\"color: #006375\">Mehr erfahren &gt;<\/span><\/strong><\/a><\/p>\n<h2><\/h2>\n<p>[\/vc_column_text][\/vc_column_inner][vc_column_inner width=&#8221;1\/4&#8243;]<div class=\"kd_counter  large-counter  \" ><div class=\"kd_counter_content\"><h4 class=\"kd_counter_number\"><span class=\"kd_number_string\"  data-from=\"0\" data-to=\"30\" data-refresh-interval=\"50\">0<\/span>\n                                  <span class=\"kd_counter_units\" >%<\/span><\/h4><div class=\"kd_counter_text\" >MEHR NEUANMELDUNGEN durch das Konzept<\/div><\/div><\/div>[\/vc_column_inner][\/vc_row_inner][\/vc_column][\/vc_row][vc_row][vc_column offset=&#8221;vc_hidden-sm vc_hidden-xs&#8221;][vc_empty_space][\/vc_column][\/vc_row][vc_row full_width=&#8221;stretch_row_content_no_spaces&#8221; css=&#8221;.vc_custom_1698397166129{background-image: url(https:\/\/gecco-beratung.de\/fahrschule\/wp-content\/uploads\/sites\/3\/2019\/06\/slider-dummy-steig-ein.jpg?id=756) !important;background-position: center !important;background-repeat: no-repeat !important;background-size: cover !important;border-radius: 20px !important;}&#8221;][vc_column][vc_row_inner css=&#8221;.vc_custom_1698397152280{padding-top: 100px !important;padding-bottom: 100px !important;border-radius: 20px !important;}&#8221;][vc_column_inner css=&#8221;.vc_custom_1515686674776{padding-right: 15px !important;}&#8221;][vc_empty_space]<header class=\"kd-section-title col-lg-12 text-center    \" ><h2 class=\"separator_off\" style=\"color: #ffffff;\">Sichere dir jetzt deinen kostenlosen Kennenlerntermin<\/h2><h6 class=\"subtitle \" style=\"color: #ffffff;\">Erfahre alles, was du \u00fcber das GECCO wissen musst, unverbindlich und bequem von zuhause aus.<\/h6><\/header><a  href=\"https:\/\/gecco-beratung.de\/fahrschule\/mehrerfahren\/\"  target=\"_self\"  title=\"Mehr erfahren\" class=\"tt_button    button-center  \" ><span class=\"prim_text\">Mehr erfahren!<\/span><span class=\" iconita\"><\/span><\/a>[\/vc_column_inner][\/vc_row_inner][\/vc_column][\/vc_row][vc_row full_width=&#8221;stretch_row&#8221; css=&#8221;.vc_custom_1699546780929{margin-bottom: 32px !important;padding-top: 50px !important;padding-bottom: 50px !important;}&#8221;][vc_column width=&#8221;1\/3&#8243;][vc_icon icon_fontawesome=&#8221;far fa-comments&#8221; color=&#8221;custom&#8221; size=&#8221;xl&#8221; align=&#8221;center&#8221; custom_color=&#8221;#005963&#8243; link=&#8221;url:https%3A%2F%2Fgecco-beratung.de%2Ffahrschule%2Ferfolgsbausteine%2Fgecco-consulting%2F|title:GECCO%20Consulting&#8221;]<a style=\"width: 200px;\" href=\"https:\/\/gecco-beratung.de\/fahrschule\/erfolgsbausteine\/gecco-consulting\"  target=\"_self\"  title=\"GECCO Consulting\" class=\"tt_button tt_secondary_button btn_secondary_color  button-center  \" ><span class=\"prim_text\">Mehr zum GECCO Consulting<\/span><span class=\" iconita\"><\/span><\/a>[vc_icon icon_fontawesome=&#8221;fas fa-graduation-cap&#8221; color=&#8221;custom&#8221; size=&#8221;xl&#8221; align=&#8221;center&#8221; custom_color=&#8221;#005963&#8243; link=&#8221;url:https%3A%2F%2Fgecco-beratung.de%2Ffahrschule%2Ferfolgsbausteine%2Ffun-learn%2F|title:Trainingskonzept||&#8221; css=&#8221;.vc_custom_1699351522064{padding-top: 32px !important;}&#8221;]<a style=\"width: 200px;\" href=\"https:\/\/gecco-beratung.de\/fahrschule\/erfolgsbausteine\/fun-learn\/\"  target=\"_self\"  title=\"Trainingskonzept\" class=\"tt_button tt_secondary_button btn_secondary_color hover_solid_secondary button-center  \" ><span class=\"prim_text\">Mehr zu FUN LEARN<\/span><span class=\" iconita\"><\/span><\/a>[\/vc_column][vc_column width=&#8221;1\/3&#8243;][vc_icon icon_fontawesome=&#8221;fas fa-heart&#8221; color=&#8221;custom&#8221; size=&#8221;xl&#8221; align=&#8221;center&#8221; custom_color=&#8221;#005963&#8243; link=&#8221;url:https%3A%2F%2Fgecco-beratung.de%2Ffahrschule%2Ferfolgsbausteine%2Fgecco-netzwerk%2F|title:GECCO%20Netzwerk&#8221;]<a style=\"width: 200px;\" href=\"https:\/\/gecco-beratung.de\/fahrschule\/erfolgsbausteine\/gecco-netzwerk\/\"  target=\"_self\"  title=\"GECCO Netzwerk\" class=\"tt_button tt_secondary_button btn_secondary_color  button-center  \" ><span class=\"prim_text\">Mehr zum GECCO Netzwerk<\/span><span class=\" iconita\"><\/span><\/a>[vc_icon icon_fontawesome=&#8221;fas fa-bullseye&#8221; color=&#8221;custom&#8221; size=&#8221;xl&#8221; align=&#8221;center&#8221; custom_color=&#8221;#006375&#8243; link=&#8221;url:https%3A%2F%2Fgecco-beratung.de%2Ffahrschule%2Ferfolgsbausteine%2Fgecco-marketing%2F|title:GECCO%20Marketing%20&#8243; css=&#8221;.vc_custom_1699534512546{padding-top: 30px !important;}&#8221;]<a style=\"width: 200px;\" href=\"https:\/\/gecco-beratung.de\/fahrschule\/erfolgsbausteine\/gecco-marketing\/\"  target=\"_self\"  title=\"GECCO Marketing\" class=\"tt_button tt_secondary_button btn_secondary_color hover_solid_secondary button-center  \" ><span class=\"prim_text\">Mehr zur GECCO Marketing<\/span><span class=\" iconita\"><\/span><\/a>[\/vc_column][vc_column width=&#8221;1\/3&#8243;][vc_icon icon_fontawesome=&#8221;far fa-lightbulb&#8221; color=&#8221;custom&#8221; size=&#8221;xl&#8221; align=&#8221;center&#8221; custom_color=&#8221;#005963&#8243; link=&#8221;url:https%3A%2F%2Fgecco-beratung.de%2Ffahrschule%2Ferfolgsbausteine%2Fgecco-seminare%2F|title:GECCO%20Seminare&#8221;]<a style=\"width: 200px;\" href=\"https:\/\/gecco-beratung.de\/fahrschule\/erfolgsbausteine\/gecco-seminare\/\"  target=\"_self\"  title=\"GECCO Seminare\" class=\"tt_button tt_secondary_button btn_secondary_color  button-center  \" ><span class=\"prim_text\">Mehr zu GECCO Seminare<\/span><span class=\" iconita\"><\/span><\/a>[vc_icon icon_fontawesome=&#8221;fas fa-desktop&#8221; color=&#8221;custom&#8221; size=&#8221;xl&#8221; align=&#8221;center&#8221; custom_color=&#8221;#005963&#8243; link=&#8221;url:https%3A%2F%2Fgecco-beratung.de%2Ffahrschule%2Ferfolgsbausteine%2Fgecco-website%2F|title:Gecco%20Website&#8221; css=&#8221;.vc_custom_1699542266911{padding-top: 40px !important;}&#8221;]<a style=\"width: 200px;\" href=\"https:\/\/gecco-beratung.de\/fahrschule\/erfolgsbausteine\/gecco-website\/\"  target=\"_self\"  title=\"GECCO Website\" class=\"tt_button tt_secondary_button btn_secondary_color  button-center  \" ><span class=\"prim_text\">Mehr zur GECCO Website<\/span><span class=\" iconita\"><\/span><\/a>[\/vc_column][\/vc_row]<\/p>\n<\/section>","protected":false},"excerpt":{"rendered":"<p>[vc_row full_width=&#8221;stretch_row&#8221; css=&#8221;.vc_custom_1564136229144{background-image: url(https:\/\/gecco-beratung.de\/fahrschule\/wp-content\/uploads\/sites\/3\/2019\/05\/02-00-alex-gorbi-1526779-unsplash-sin-marca-1-e1564136217345.jpg?id=108) !important;background-position: center !important;background-repeat: no-repeat !important;background-size: cover !important;}&#8221;][vc_column][vc_row_inner css=&#8221;.vc_custom_1698752740485{padding-top: 200px !important;padding-bottom: 300px !important;border-radius: 20px !important;}&#8221;][vc_column_inner width=&#8221;1\/4&#8243;][\/vc_column_inner][vc_column_inner width=&#8221;1\/2&#8243;][\/vc_column_inner][vc_column_inner width=&#8221;1\/4&#8243;][\/vc_column_inner][\/vc_row_inner][\/vc_column][\/vc_row][vc_row full_width=&#8221;stretch_row&#8221; css=&#8221;.vc_custom_1567779501100{padding-top: 50px !important;padding-bottom: 50px !important;}&#8221;][vc_column [&hellip;]<\/p>\n","protected":false},"author":5,"featured_media":0,"parent":0,"menu_order":0,"comment_status":"closed","ping_status":"closed","template":"","meta":[],"yoast_head":"<!-- This site is optimized with the Yoast SEO plugin v19.8 - https:\/\/yoast.com\/wordpress\/plugins\/seo\/ -->\n<title>GECCO Erfolgsbausteine<\/title>\n<meta name=\"description\" content=\"Unsere Erfolgsbausteine \u2013 dein Erfolgskonzept! Mit einem auf dich abgestimmten Erfolgskonzept starten wir gemeinsam in die Zukunft deiner Fahrschule!\" \/>\n<meta name=\"robots\" content=\"index, follow, max-snippet:-1, max-image-preview:large, max-video-preview:-1\" \/>\n<link rel=\"canonical\" href=\"https:\/\/gecco-beratung.de\/fahrschule\/erfolgsbausteine\/\" \/>\n<meta property=\"og:locale\" content=\"de_DE\" \/>\n<meta property=\"og:type\" content=\"article\" \/>\n<meta property=\"og:title\" content=\"GECCO Erfolgsbausteine\" \/>\n<meta property=\"og:description\" content=\"Unsere Erfolgsbausteine \u2013 dein Erfolgskonzept! Mit einem auf dich abgestimmten Erfolgskonzept starten wir gemeinsam in die Zukunft deiner Fahrschule!\" \/>\n<meta property=\"og:url\" content=\"https:\/\/gecco-beratung.de\/fahrschule\/erfolgsbausteine\/\" \/>\n<meta property=\"og:site_name\" content=\"Gecco Fahrschulen\" \/>\n<meta property=\"article:publisher\" content=\"https:\/\/www.gecco-beratung.de\" \/>\n<meta property=\"article:modified_time\" content=\"2026-01-08T09:40:33+00:00\" \/>\n<meta name=\"twitter:card\" content=\"summary_large_image\" \/>\n<meta name=\"twitter:label1\" content=\"Gesch\u00e4tzte Lesezeit\" \/>\n\t<meta name=\"twitter:data1\" content=\"4\u00a0Minuten\" \/>\n<script type=\"application\/ld+json\" class=\"yoast-schema-graph\">{\"@context\":\"https:\/\/schema.org\",\"@graph\":[{\"@type\":\"WebPage\",\"@id\":\"https:\/\/gecco-beratung.de\/fahrschule\/erfolgsbausteine\/\",\"url\":\"https:\/\/gecco-beratung.de\/fahrschule\/erfolgsbausteine\/\",\"name\":\"GECCO Erfolgsbausteine\",\"isPartOf\":{\"@id\":\"https:\/\/gecco-beratung.de\/fahrschule\/#website\"},\"datePublished\":\"2023-11-09T13:57:23+00:00\",\"dateModified\":\"2026-01-08T09:40:33+00:00\",\"description\":\"Unsere Erfolgsbausteine \u2013 dein Erfolgskonzept! Mit einem auf dich abgestimmten Erfolgskonzept starten wir gemeinsam in die Zukunft deiner Fahrschule!\",\"breadcrumb\":{\"@id\":\"https:\/\/gecco-beratung.de\/fahrschule\/erfolgsbausteine\/#breadcrumb\"},\"inLanguage\":\"de\",\"potentialAction\":[{\"@type\":\"ReadAction\",\"target\":[\"https:\/\/gecco-beratung.de\/fahrschule\/erfolgsbausteine\/\"]}]},{\"@type\":\"BreadcrumbList\",\"@id\":\"https:\/\/gecco-beratung.de\/fahrschule\/erfolgsbausteine\/#breadcrumb\",\"itemListElement\":[{\"@type\":\"ListItem\",\"position\":1,\"name\":\"Home\",\"item\":\"https:\/\/gecco-beratung.de\/fahrschule\/\"},{\"@type\":\"ListItem\",\"position\":2,\"name\":\"Erfolgsbausteine\"}]},{\"@type\":\"WebSite\",\"@id\":\"https:\/\/gecco-beratung.de\/fahrschule\/#website\",\"url\":\"https:\/\/gecco-beratung.de\/fahrschule\/\",\"name\":\"Gecco Fahrschulen\",\"description\":\"\",\"potentialAction\":[{\"@type\":\"SearchAction\",\"target\":{\"@type\":\"EntryPoint\",\"urlTemplate\":\"https:\/\/gecco-beratung.de\/fahrschule\/?s={search_term_string}\"},\"query-input\":\"required name=search_term_string\"}],\"inLanguage\":\"de\"}]}<\/script>\n<!-- \/ Yoast SEO plugin. -->","yoast_head_json":{"title":"GECCO Erfolgsbausteine","description":"Unsere Erfolgsbausteine \u2013 dein Erfolgskonzept! Mit einem auf dich abgestimmten Erfolgskonzept starten wir gemeinsam in die Zukunft deiner Fahrschule!","robots":{"index":"index","follow":"follow","max-snippet":"max-snippet:-1","max-image-preview":"max-image-preview:large","max-video-preview":"max-video-preview:-1"},"canonical":"https:\/\/gecco-beratung.de\/fahrschule\/erfolgsbausteine\/","og_locale":"de_DE","og_type":"article","og_title":"GECCO Erfolgsbausteine","og_description":"Unsere Erfolgsbausteine \u2013 dein Erfolgskonzept! Mit einem auf dich abgestimmten Erfolgskonzept starten wir gemeinsam in die Zukunft deiner Fahrschule!","og_url":"https:\/\/gecco-beratung.de\/fahrschule\/erfolgsbausteine\/","og_site_name":"Gecco Fahrschulen","article_publisher":"https:\/\/www.gecco-beratung.de","article_modified_time":"2026-01-08T09:40:33+00:00","twitter_card":"summary_large_image","twitter_misc":{"Gesch\u00e4tzte Lesezeit":"4\u00a0Minuten"},"schema":{"@context":"https:\/\/schema.org","@graph":[{"@type":"WebPage","@id":"https:\/\/gecco-beratung.de\/fahrschule\/erfolgsbausteine\/","url":"https:\/\/gecco-beratung.de\/fahrschule\/erfolgsbausteine\/","name":"GECCO Erfolgsbausteine","isPartOf":{"@id":"https:\/\/gecco-beratung.de\/fahrschule\/#website"},"datePublished":"2023-11-09T13:57:23+00:00","dateModified":"2026-01-08T09:40:33+00:00","description":"Unsere Erfolgsbausteine \u2013 dein Erfolgskonzept! Mit einem auf dich abgestimmten Erfolgskonzept starten wir gemeinsam in die Zukunft deiner Fahrschule!","breadcrumb":{"@id":"https:\/\/gecco-beratung.de\/fahrschule\/erfolgsbausteine\/#breadcrumb"},"inLanguage":"de","potentialAction":[{"@type":"ReadAction","target":["https:\/\/gecco-beratung.de\/fahrschule\/erfolgsbausteine\/"]}]},{"@type":"BreadcrumbList","@id":"https:\/\/gecco-beratung.de\/fahrschule\/erfolgsbausteine\/#breadcrumb","itemListElement":[{"@type":"ListItem","position":1,"name":"Home","item":"https:\/\/gecco-beratung.de\/fahrschule\/"},{"@type":"ListItem","position":2,"name":"Erfolgsbausteine"}]},{"@type":"WebSite","@id":"https:\/\/gecco-beratung.de\/fahrschule\/#website","url":"https:\/\/gecco-beratung.de\/fahrschule\/","name":"Gecco Fahrschulen","description":"","potentialAction":[{"@type":"SearchAction","target":{"@type":"EntryPoint","urlTemplate":"https:\/\/gecco-beratung.de\/fahrschule\/?s={search_term_string}"},"query-input":"required name=search_term_string"}],"inLanguage":"de"}]}},"_links":{"self":[{"href":"https:\/\/gecco-beratung.de\/fahrschule\/wp-json\/wp\/v2\/pages\/3420"}],"collection":[{"href":"https:\/\/gecco-beratung.de\/fahrschule\/wp-json\/wp\/v2\/pages"}],"about":[{"href":"https:\/\/gecco-beratung.de\/fahrschule\/wp-json\/wp\/v2\/types\/page"}],"author":[{"embeddable":true,"href":"https:\/\/gecco-beratung.de\/fahrschule\/wp-json\/wp\/v2\/users\/5"}],"replies":[{"embeddable":true,"href":"https:\/\/gecco-beratung.de\/fahrschule\/wp-json\/wp\/v2\/comments?post=3420"}],"version-history":[{"count":13,"href":"https:\/\/gecco-beratung.de\/fahrschule\/wp-json\/wp\/v2\/pages\/3420\/revisions"}],"predecessor-version":[{"id":3873,"href":"https:\/\/gecco-beratung.de\/fahrschule\/wp-json\/wp\/v2\/pages\/3420\/revisions\/3873"}],"wp:attachment":[{"href":"https:\/\/gecco-beratung.de\/fahrschule\/wp-json\/wp\/v2\/media?parent=3420"}],"curies":[{"name":"wp","href":"https:\/\/api.w.org\/{rel}","templated":true}]}}