{"id":30,"date":"2019-04-16T07:04:38","date_gmt":"2019-04-16T07:04:38","guid":{"rendered":"http:\/\/gecco-fahrschulen.de\/fahrschule\/?page_id=30"},"modified":"2025-12-03T13:26:45","modified_gmt":"2025-12-03T12:26:45","slug":"mehrerfahren","status":"publish","type":"page","link":"https:\/\/gecco-beratung.de\/fahrschule\/mehrerfahren\/","title":{"rendered":"Mehr erfahren"},"content":{"rendered":"<section class=\"wpb-content-wrapper\"><p>[vc_row full_width=&#8221;stretch_row_content_no_spaces&#8221; css=&#8221;.vc_custom_1698392236196{padding-top: 200px !important;padding-bottom: 200px !important;background-image: url(https:\/\/gecco-beratung.de\/fahrschule\/wp-content\/uploads\/sites\/3\/2019\/06\/05-Kontakt-header-daniel-gonzalez-602501-unsplash-cropped.jpg?id=655) !important;background-position: center !important;background-repeat: no-repeat !important;background-size: cover !important;border-radius: 20px !important;}&#8221;][vc_column][vc_row_inner][vc_column_inner width=&#8221;1\/4&#8243;][\/vc_column_inner][vc_column_inner width=&#8221;1\/2&#8243;][\/vc_column_inner][vc_column_inner width=&#8221;1\/4&#8243;][\/vc_column_inner][\/vc_row_inner][\/vc_column][\/vc_row][vc_row][vc_column css=&#8221;.vc_custom_1698325261742{padding-top: 30px !important;}&#8221;]<header class=\"kd-section-title col-lg-12 text-left    \" ><h1 class=\"separator_off\" style=\"color: #006375;\">Jetzt mehr erfahren!<\/h1><h6 class=\"subtitle \" style=\"color: #000000;\">Dein Weg zur erfolgreichen Fahrschule<\/h6><\/header>[vc_column_text]Eine GECCO Fahrschule zu sein, ist sowohl eine gro\u00dfe Chance als auch Auszeichnung. Es bedeutet, dass du die hohen Anspr\u00fcche erf\u00fcllst, die wir an uns und unsere GECCO Family stellen. Denn Qualit\u00e4tsf\u00fchrer k\u00f6nnen wir als Gemeinschaft nur sein, wenn jeder einzelne von uns Qualit\u00e4tsf\u00fchrer ist.[\/vc_column_text][vc_row_inner][vc_column_inner width=&#8221;1\/2&#8243; css=&#8221;.vc_custom_1522244791629{padding-left: 15px !important;}&#8221; offset=&#8221;vc_col-lg-6 vc_col-md-12&#8243;]<header class=\"kd-section-title col-lg-12 text-left solid-line sep-border-width-2     vc_custom_1573227371740\" ><h2 class=\"separator_on\" style=\"color: #293a44;\">Jetzt Termin vereinbaren!<\/h2><div class=\"kd-separator below_title\" ><div class=\"kd-separator-line\" ><\/div><\/div><h6 class=\"subtitle \" style=\"color: #293a44;\">Der erste Schritt in die Zukunft deiner Fahrschule<\/h6><\/header><div class=\"kd-contact-form full-width-cf \">\n<div class=\"wpcf7 no-js\" id=\"wpcf7-f4-o1\" lang=\"en-US\" dir=\"ltr\">\n<div class=\"screen-reader-response\"><p role=\"status\" aria-live=\"polite\" aria-atomic=\"true\"><\/p> <ul><\/ul><\/div>\n<form action=\"\/fahrschule\/wp-json\/wp\/v2\/pages\/30#wpcf7-f4-o1\" method=\"post\" class=\"wpcf7-form init\" aria-label=\"Contact form\" novalidate=\"novalidate\" data-status=\"init\">\n<div style=\"display: none;\">\n<input type=\"hidden\" name=\"_wpcf7\" value=\"4\" \/>\n<input type=\"hidden\" name=\"_wpcf7_version\" value=\"5.7.6\" \/>\n<input type=\"hidden\" name=\"_wpcf7_locale\" value=\"en_US\" \/>\n<input type=\"hidden\" name=\"_wpcf7_unit_tag\" value=\"wpcf7-f4-o1\" \/>\n<input type=\"hidden\" name=\"_wpcf7_container_post\" value=\"0\" \/>\n<input type=\"hidden\" name=\"_wpcf7_posted_data_hash\" value=\"\" \/>\n<input type=\"hidden\" name=\"_wpcf7_recaptcha_response\" value=\"\" \/>\n<\/div>\n<p><label> Fahrschule*<\/label><br \/>\n<span class=\"wpcf7-form-control-wrap\" data-name=\"fahrschule\"><input size=\"40\" class=\"wpcf7-form-control wpcf7-text wpcf7-validates-as-required\" aria-required=\"true\" aria-invalid=\"false\" value=\"\" type=\"text\" name=\"fahrschule\" \/><\/span>\n<\/p>\n<p><label> Name*<\/label><br \/>\n<span class=\"wpcf7-form-control-wrap\" data-name=\"your-name\"><input size=\"40\" class=\"wpcf7-form-control wpcf7-text wpcf7-validates-as-required\" aria-required=\"true\" aria-invalid=\"false\" value=\"\" type=\"text\" name=\"your-name\" \/><\/span>\n<\/p>\n<p><label> PLZ*<\/label><br \/>\n<span class=\"wpcf7-form-control-wrap\" data-name=\"plz\"><input size=\"40\" class=\"wpcf7-form-control wpcf7-text wpcf7-validates-as-required\" aria-required=\"true\" aria-invalid=\"false\" value=\"\" type=\"text\" name=\"plz\" \/><\/span>\n<\/p>\n<p><label> Email*<\/label><br \/>\n<span class=\"wpcf7-form-control-wrap\" data-name=\"your-email\"><input size=\"40\" class=\"wpcf7-form-control wpcf7-text wpcf7-email wpcf7-validates-as-required wpcf7-validates-as-email\" aria-required=\"true\" aria-invalid=\"false\" value=\"\" type=\"email\" name=\"your-email\" \/><\/span>\n<\/p>\n<p><label> Handy*<\/label><br \/>\n<span class=\"wpcf7-form-control-wrap\" data-name=\"handy\"><input size=\"40\" class=\"wpcf7-form-control wpcf7-text wpcf7-validates-as-required\" aria-required=\"true\" aria-invalid=\"false\" value=\"\" type=\"text\" name=\"handy\" \/><\/span>\n<\/p>\n<p><label> Deine Nachricht<\/label><br \/>\n<span class=\"wpcf7-form-control-wrap\" data-name=\"your-message\"><textarea cols=\"40\" rows=\"10\" class=\"wpcf7-form-control wpcf7-textarea\" aria-invalid=\"false\" name=\"your-message\"><\/textarea><\/span>\n<\/p>\n<p><span class=\"wpcf7-form-control-wrap\" data-name=\"acceptance-0\"><span class=\"wpcf7-form-control wpcf7-acceptance\"><span class=\"wpcf7-list-item\"><label><input type=\"checkbox\" name=\"acceptance-0\" value=\"1\" aria-invalid=\"false\" \/><span class=\"wpcf7-list-item-label\">Ich habe die <a href=\"https:\/\/gecco-beratung.de\/fahrschule\/datenschutz-agb\/\">Datenschutzhinweise<\/a> zur Kenntnis genommen und bin mit ihnen einverstanden. Erteilte Einwilligungen kann ich jederzeit widerrufen.<\/span><\/label><\/span><\/span><\/span>\n<\/p>\n<p><input class=\"wpcf7-form-control has-spinner wpcf7-submit\" type=\"submit\" value=\"ABSENDEN\" \/>\n<\/p><div class=\"wpcf7-response-output\" aria-hidden=\"true\"><\/div>\n<\/form>\n<\/div>\n<\/div>[\/vc_column_inner][vc_column_inner width=&#8221;1\/2&#8243; css=&#8221;.vc_custom_1522244799532{padding-right: 15px !important;padding-left: 80px !important;}&#8221; offset=&#8221;vc_col-lg-6 vc_col-md-12&#8243;]<header class=\"kd-section-title col-lg-12 text-left solid-line sep-border-width-1     vc_custom_1698322424737\" ><h2 class=\"separator_on\" style=\"color: #293a44;\">Zum Kennenlerntermin<\/h2><div class=\"kd-separator below_title\" ><div class=\"kd-separator-line\" ><\/div><\/div><h6 class=\"subtitle \" style=\"color: #293a44;\">Unverbindlich, kinderleicht und pers\u00f6nlich auf dich abgestimmt<\/h6><\/header><div class=\"cb-container  \" ><div class=\"cb-img-area\"><i class=\"iconsmind-Add fa\" style=\" \"><\/i> <\/div><div class=\"cb-text-area\">\n                    <h4 class=\"cb-heading \">Schritt 1 | Ziele definieren.<\/h4><p>Zusammen werfen wir einen Blick auf deine Fahrschule und setzen klare Ziele. Wir sammeln wichtige Daten und f\u00fchren ein Gespr\u00e4ch mit dir als Inhaber, um deine Ziele besser zu verstehen.<\/p><\/div><\/div><div class=\"cb-container  \" ><div class=\"cb-img-area\"><i class=\"iconsmind-Add-User fa\" style=\" \"><\/i> <\/div><div class=\"cb-text-area\">\n                    <h4 class=\"cb-heading \">Schritt 2 | Optimierungspotenzial bestimmen.<\/h4><p>Wir f\u00fchren eine Analyse durch, um das Verbesserungspotenzial in deiner Fahrschule zu identifizieren, und erstellen einen Branchenvergleich, um die Position deiner Fahrschule im Vergleich zur Branche zu ermitteln.<\/p><\/div><\/div><div class=\"cb-container  \" ><div class=\"cb-img-area\"><i class=\"iconsmind-Thumbs-UpSmiley fa\" style=\" \"><\/i> <\/div><div class=\"cb-text-area\">\n                    <h4 class=\"cb-heading \">Schritt 3 | Handlungsempfehlung vorstellen.<\/h4><p>Abschlie\u00dfend k\u00f6nnen wir dir konkrete Optimierungsbereiche aufzeigen. Diese besprechen wir mit dir und nennen dir Ma\u00dfnahmen, mit denen du starten solltest.<\/p><\/div><\/div>[\/vc_column_inner][\/vc_row_inner][\/vc_column][\/vc_row][vc_row full_width=&#8221;stretch_row&#8221;][vc_column css=&#8221;.vc_custom_1516009085636{padding-right: 0px !important;padding-left: 0px !important;}&#8221;][vc_row_inner][vc_column_inner][vc_separator css=&#8221;.vc_custom_1563903649118{padding-bottom: 10px !important;}&#8221;][\/vc_column_inner][\/vc_row_inner][\/vc_column][\/vc_row][vc_row full_width=&#8221;stretch_row&#8221;][vc_column css=&#8221;.vc_custom_1516009085636{padding-right: 0px !important;padding-left: 0px !important;}&#8221;][vc_row_inner css=&#8221;.vc_custom_1698409181601{padding-top: 50px !important;padding-bottom: 100px !important;}&#8221;][vc_column_inner width=&#8221;1\/4&#8243; css=&#8221;.vc_custom_1699453256066{padding-left: 0px !important;}&#8221;]<div class=\"key-icon-box icon-default icon-top cont-center with-border  custom-box\" style=\"background-color: transparent; \" ><div class=\"ib-wrapper\"><i class=\"iconsmind-Home-5 fa\" style=\" color: #006276;\"><\/i> <h6 class=\"service-heading\" >Komm vorbei<\/h6><p >Gecco Media GmbH<br \/>\nBolivarstr. 46<br \/>\n01129 Dresden<\/p><p class=\"ib-link \"><a href=\"https:\/\/maps.app.goo.gl\/fPtt1iZpHC2b5aRG6\" target=\"_blank\" title=\"\" >Google Maps \u00f6ffnen<\/a><\/p><\/div><\/div>[\/vc_column_inner][vc_column_inner width=&#8221;1\/4&#8243; css=&#8221;.vc_custom_1699453333150{margin-bottom: 50px !important;padding-right: 0px !important;padding-left: 0px !important;}&#8221;]<div class=\"key-icon-box icon-default icon-top cont-center with-border  custom-box\" style=\"background-color: transparent; \" ><div class=\"ib-wrapper\"><i class=\"iconsmind-Phone-2 fa\" style=\" color: #006276;\"><\/i> <h6 class=\"service-heading\" >Ruf uns an<\/h6><p >0221 299994-10<\/p><p class=\"ib-link \"><a href=\"tel:0221299994-10\" target=\"_self\" title=\"\" >Anrufen<\/a><\/p><\/div><\/div>[\/vc_column_inner][vc_column_inner width=&#8221;1\/4&#8243; css=&#8221;.vc_custom_1516009124658{padding-right: 0px !important;padding-left: 0px !important;}&#8221;]<div class=\"key-icon-box icon-default icon-top cont-center with-border  custom-box\" style=\"background-color: transparent; \" ><div class=\"ib-wrapper\"><i class=\"iconsmind-Speach-Bubble fa\" style=\" color: #006276;\"><\/i> <h6 class=\"service-heading\" >Chatte mit uns<\/h6><p >+49 1723767027<\/p><p class=\"ib-link \"><a href=\"https:\/\/api.whatsapp.com\/send?phone=491723767027\" target=\"_blank\" title=\"\" >WhatsApp senden<\/a><\/p><\/div><\/div>[\/vc_column_inner][vc_column_inner width=&#8221;1\/4&#8243; css=&#8221;.vc_custom_1516009131818{padding-right: 0px !important;padding-left: 0px !important;}&#8221;]<div class=\"key-icon-box icon-default icon-top cont-center with-border  custom-box\" style=\"background-color: transparent; \" ><div class=\"ib-wrapper\"><i class=\"iconsmind-Email fa\" style=\" color: #006276;\"><\/i> <h6 class=\"service-heading\" >Schreib uns<\/h6><p >geccos@gecco-fahrschulen.de<\/p><p class=\"ib-link \"><a href=\"mailto:interessenten@geccomedia.de\" target=\"_self\" title=\"\" >E-Mail senden<\/a><\/p><\/div><\/div>[\/vc_column_inner][\/vc_row_inner][\/vc_column][\/vc_row]<\/p>\n<\/section>","protected":false},"excerpt":{"rendered":"<p>[vc_row full_width=&#8221;stretch_row_content_no_spaces&#8221; css=&#8221;.vc_custom_1698392236196{padding-top: 200px !important;padding-bottom: 200px !important;background-image: url(https:\/\/gecco-beratung.de\/fahrschule\/wp-content\/uploads\/sites\/3\/2019\/06\/05-Kontakt-header-daniel-gonzalez-602501-unsplash-cropped.jpg?id=655) !important;background-position: center !important;background-repeat: no-repeat !important;background-size: cover !important;border-radius: 20px !important;}&#8221;][vc_column][vc_row_inner][vc_column_inner width=&#8221;1\/4&#8243;][\/vc_column_inner][vc_column_inner width=&#8221;1\/2&#8243;][\/vc_column_inner][vc_column_inner width=&#8221;1\/4&#8243;][\/vc_column_inner][\/vc_row_inner][\/vc_column][\/vc_row][vc_row][vc_column css=&#8221;.vc_custom_1698325261742{padding-top: 30px !important;}&#8221;][vc_column_text]Eine GECCO Fahrschule zu sein, [&hellip;]<\/p>\n","protected":false},"author":1,"featured_media":0,"parent":0,"menu_order":0,"comment_status":"closed","ping_status":"closed","template":"","meta":[],"yoast_head":"<!-- This site is optimized with the Yoast SEO plugin v19.8 - https:\/\/yoast.com\/wordpress\/plugins\/seo\/ -->\n<title>Mehr erfahren \u2022 GECCO Fahrschulen<\/title>\n<meta name=\"description\" content=\"Sichere dir deinen kostenlosen Kennenlerntermin! Gemeinsam definieren wir Ziele, bestimmen das Optimierungspotenzial und leiten Ma\u00dfnahmen ab.\" \/>\n<meta name=\"robots\" content=\"index, follow, max-snippet:-1, max-image-preview:large, max-video-preview:-1\" \/>\n<link rel=\"canonical\" href=\"https:\/\/gecco-beratung.de\/fahrschule\/mehrerfahren\/\" \/>\n<meta property=\"og:locale\" content=\"de_DE\" \/>\n<meta property=\"og:type\" content=\"article\" \/>\n<meta property=\"og:title\" content=\"Mehr erfahren \u2022 GECCO Fahrschulen\" \/>\n<meta property=\"og:description\" content=\"Sichere dir deinen kostenlosen Kennenlerntermin! Gemeinsam definieren wir Ziele, bestimmen das Optimierungspotenzial und leiten Ma\u00dfnahmen ab.\" \/>\n<meta property=\"og:url\" content=\"https:\/\/gecco-beratung.de\/fahrschule\/mehrerfahren\/\" \/>\n<meta property=\"og:site_name\" content=\"Gecco Fahrschulen\" \/>\n<meta property=\"article:publisher\" content=\"https:\/\/www.gecco-beratung.de\" \/>\n<meta property=\"article:modified_time\" content=\"2025-12-03T12:26:45+00:00\" \/>\n<meta name=\"twitter:card\" content=\"summary_large_image\" \/>\n<meta name=\"twitter:label1\" content=\"Est. reading time\" \/>\n\t<meta name=\"twitter:data1\" content=\"3\u00a0Minuten\" \/>\n<script type=\"application\/ld+json\" class=\"yoast-schema-graph\">{\"@context\":\"https:\/\/schema.org\",\"@graph\":[{\"@type\":\"WebPage\",\"@id\":\"https:\/\/gecco-beratung.de\/fahrschule\/mehrerfahren\/\",\"url\":\"https:\/\/gecco-beratung.de\/fahrschule\/mehrerfahren\/\",\"name\":\"Mehr erfahren \u2022 GECCO Fahrschulen\",\"isPartOf\":{\"@id\":\"https:\/\/gecco-beratung.de\/fahrschule\/#website\"},\"datePublished\":\"2019-04-16T07:04:38+00:00\",\"dateModified\":\"2025-12-03T12:26:45+00:00\",\"description\":\"Sichere dir deinen kostenlosen Kennenlerntermin! Gemeinsam definieren wir Ziele, bestimmen das Optimierungspotenzial und leiten Ma\u00dfnahmen ab.\",\"breadcrumb\":{\"@id\":\"https:\/\/gecco-beratung.de\/fahrschule\/mehrerfahren\/#breadcrumb\"},\"inLanguage\":\"de\",\"potentialAction\":[{\"@type\":\"ReadAction\",\"target\":[\"https:\/\/gecco-beratung.de\/fahrschule\/mehrerfahren\/\"]}]},{\"@type\":\"BreadcrumbList\",\"@id\":\"https:\/\/gecco-beratung.de\/fahrschule\/mehrerfahren\/#breadcrumb\",\"itemListElement\":[{\"@type\":\"ListItem\",\"position\":1,\"name\":\"Home\",\"item\":\"https:\/\/gecco-beratung.de\/fahrschule\/\"},{\"@type\":\"ListItem\",\"position\":2,\"name\":\"Mehr erfahren\"}]},{\"@type\":\"WebSite\",\"@id\":\"https:\/\/gecco-beratung.de\/fahrschule\/#website\",\"url\":\"https:\/\/gecco-beratung.de\/fahrschule\/\",\"name\":\"Gecco Fahrschulen\",\"description\":\"\",\"potentialAction\":[{\"@type\":\"SearchAction\",\"target\":{\"@type\":\"EntryPoint\",\"urlTemplate\":\"https:\/\/gecco-beratung.de\/fahrschule\/?s={search_term_string}\"},\"query-input\":\"required name=search_term_string\"}],\"inLanguage\":\"de\"}]}<\/script>\n<!-- \/ Yoast SEO plugin. -->","yoast_head_json":{"title":"Mehr erfahren \u2022 GECCO Fahrschulen","description":"Sichere dir deinen kostenlosen Kennenlerntermin! Gemeinsam definieren wir Ziele, bestimmen das Optimierungspotenzial und leiten Ma\u00dfnahmen ab.","robots":{"index":"index","follow":"follow","max-snippet":"max-snippet:-1","max-image-preview":"max-image-preview:large","max-video-preview":"max-video-preview:-1"},"canonical":"https:\/\/gecco-beratung.de\/fahrschule\/mehrerfahren\/","og_locale":"de_DE","og_type":"article","og_title":"Mehr erfahren \u2022 GECCO Fahrschulen","og_description":"Sichere dir deinen kostenlosen Kennenlerntermin! Gemeinsam definieren wir Ziele, bestimmen das Optimierungspotenzial und leiten Ma\u00dfnahmen ab.","og_url":"https:\/\/gecco-beratung.de\/fahrschule\/mehrerfahren\/","og_site_name":"Gecco Fahrschulen","article_publisher":"https:\/\/www.gecco-beratung.de","article_modified_time":"2025-12-03T12:26:45+00:00","twitter_card":"summary_large_image","twitter_misc":{"Est. reading time":"3\u00a0Minuten"},"schema":{"@context":"https:\/\/schema.org","@graph":[{"@type":"WebPage","@id":"https:\/\/gecco-beratung.de\/fahrschule\/mehrerfahren\/","url":"https:\/\/gecco-beratung.de\/fahrschule\/mehrerfahren\/","name":"Mehr erfahren \u2022 GECCO Fahrschulen","isPartOf":{"@id":"https:\/\/gecco-beratung.de\/fahrschule\/#website"},"datePublished":"2019-04-16T07:04:38+00:00","dateModified":"2025-12-03T12:26:45+00:00","description":"Sichere dir deinen kostenlosen Kennenlerntermin! Gemeinsam definieren wir Ziele, bestimmen das Optimierungspotenzial und leiten Ma\u00dfnahmen ab.","breadcrumb":{"@id":"https:\/\/gecco-beratung.de\/fahrschule\/mehrerfahren\/#breadcrumb"},"inLanguage":"de","potentialAction":[{"@type":"ReadAction","target":["https:\/\/gecco-beratung.de\/fahrschule\/mehrerfahren\/"]}]},{"@type":"BreadcrumbList","@id":"https:\/\/gecco-beratung.de\/fahrschule\/mehrerfahren\/#breadcrumb","itemListElement":[{"@type":"ListItem","position":1,"name":"Home","item":"https:\/\/gecco-beratung.de\/fahrschule\/"},{"@type":"ListItem","position":2,"name":"Mehr erfahren"}]},{"@type":"WebSite","@id":"https:\/\/gecco-beratung.de\/fahrschule\/#website","url":"https:\/\/gecco-beratung.de\/fahrschule\/","name":"Gecco Fahrschulen","description":"","potentialAction":[{"@type":"SearchAction","target":{"@type":"EntryPoint","urlTemplate":"https:\/\/gecco-beratung.de\/fahrschule\/?s={search_term_string}"},"query-input":"required name=search_term_string"}],"inLanguage":"de"}]}},"_links":{"self":[{"href":"https:\/\/gecco-beratung.de\/fahrschule\/wp-json\/wp\/v2\/pages\/30"}],"collection":[{"href":"https:\/\/gecco-beratung.de\/fahrschule\/wp-json\/wp\/v2\/pages"}],"about":[{"href":"https:\/\/gecco-beratung.de\/fahrschule\/wp-json\/wp\/v2\/types\/page"}],"author":[{"embeddable":true,"href":"https:\/\/gecco-beratung.de\/fahrschule\/wp-json\/wp\/v2\/users\/1"}],"replies":[{"embeddable":true,"href":"https:\/\/gecco-beratung.de\/fahrschule\/wp-json\/wp\/v2\/comments?post=30"}],"version-history":[{"count":158,"href":"https:\/\/gecco-beratung.de\/fahrschule\/wp-json\/wp\/v2\/pages\/30\/revisions"}],"predecessor-version":[{"id":7517,"href":"https:\/\/gecco-beratung.de\/fahrschule\/wp-json\/wp\/v2\/pages\/30\/revisions\/7517"}],"wp:attachment":[{"href":"https:\/\/gecco-beratung.de\/fahrschule\/wp-json\/wp\/v2\/media?parent=30"}],"curies":[{"name":"wp","href":"https:\/\/api.w.org\/{rel}","templated":true}]}}