{"id":1710,"date":"2019-11-20T14:26:30","date_gmt":"2019-11-20T13:26:30","guid":{"rendered":"http:\/\/gecco-fahrschulen.de\/fahrschule\/?page_id=1710"},"modified":"2019-11-20T14:30:23","modified_gmt":"2019-11-20T13:30:23","slug":"webinar-weniger-arbeit","status":"publish","type":"page","link":"https:\/\/gecco-beratung.de\/fahrschule\/webinar-weniger-arbeit\/","title":{"rendered":"LP: Webinar Weniger Arbeit"},"content":{"rendered":"<section class=\"wpb-content-wrapper\"><p>[vc_row full_width=&#8221;stretch_row&#8221;][vc_column css=&#8221;.vc_custom_1516095665984{padding-right: 0px !important;padding-left: 0px !important;}&#8221;][vc_row_inner css=&#8221;.vc_custom_1563899798812{padding-top: 50px !important;padding-bottom: 50px !important;}&#8221;][vc_column_inner width=&#8221;1\/2&#8243; css=&#8221;.vc_custom_1522244791629{padding-left: 15px !important;}&#8221; offset=&#8221;vc_col-lg-6 vc_col-md-12&#8243;]<header class=\"kd-section-title col-lg-12 text-left solid-line sep-border-width-2     vc_custom_1574256309687\" ><h2 class=\"separator_on\" style=\"color: #293a44;\">Kostenloses Kennenlern- Webinar<\/h2><div class=\"kd-separator below_title\" ><div class=\"kd-separator-line\" ><\/div><\/div><h6 class=\"subtitle \" style=\"color: #293a44;\">Erfahre jetzt, wie du deine Fahrschule mit weniger Arbeit erfolgreicher machst.<br \/>\nWir zeigen dir v\u00f6llig unverbindlich, wie wir u\u0308ber 200 Fahrschulen erfolgreicher und lebenswerter gemacht haben.<\/p>\n<p>Jetzt beim kostenlosen Webinar mitmachen.<\/p>\n<p>Du lernst unsere Erfolgsbausteine kennen und siehst echte, u\u0308berpru\u0308fbare Beispiele fu\u0308r den Erfolg unseres Systems.<\/h6><\/header><div class=\"kd-contact-form full-width-cf \">\n<div class=\"wpcf7 no-js\" id=\"wpcf7-f1716-o1\" lang=\"en-US\" dir=\"ltr\">\n<div class=\"screen-reader-response\"><p role=\"status\" aria-live=\"polite\" aria-atomic=\"true\"><\/p> <ul><\/ul><\/div>\n<form action=\"\/fahrschule\/wp-json\/wp\/v2\/pages\/1710#wpcf7-f1716-o1\" method=\"post\" class=\"wpcf7-form init\" aria-label=\"Contact form\" novalidate=\"novalidate\" data-status=\"init\">\n<div style=\"display: none;\">\n<input type=\"hidden\" name=\"_wpcf7\" value=\"1716\" \/>\n<input type=\"hidden\" name=\"_wpcf7_version\" value=\"5.7.6\" \/>\n<input type=\"hidden\" name=\"_wpcf7_locale\" value=\"en_US\" \/>\n<input type=\"hidden\" name=\"_wpcf7_unit_tag\" value=\"wpcf7-f1716-o1\" \/>\n<input type=\"hidden\" name=\"_wpcf7_container_post\" value=\"0\" \/>\n<input type=\"hidden\" name=\"_wpcf7_posted_data_hash\" value=\"\" \/>\n<input type=\"hidden\" name=\"_wpcf7_recaptcha_response\" value=\"\" \/>\n<\/div>\n<p><label> Fahrschule*<\/label><br \/>\n<span class=\"wpcf7-form-control-wrap\" data-name=\"fahrschule\"><input size=\"40\" class=\"wpcf7-form-control wpcf7-text wpcf7-validates-as-required\" aria-required=\"true\" aria-invalid=\"false\" value=\"\" type=\"text\" name=\"fahrschule\" \/><\/span>\n<\/p>\n<p><label> Email*<\/label><br \/>\n<span class=\"wpcf7-form-control-wrap\" data-name=\"your-email\"><input size=\"40\" class=\"wpcf7-form-control wpcf7-text wpcf7-email wpcf7-validates-as-required wpcf7-validates-as-email\" aria-required=\"true\" aria-invalid=\"false\" value=\"\" type=\"email\" name=\"your-email\" \/><\/span>\n<\/p>\n<p><label> Mobil*<\/label><br \/>\n<span class=\"wpcf7-form-control-wrap\" data-name=\"Mobil\"><input size=\"40\" class=\"wpcf7-form-control wpcf7-text wpcf7-validates-as-required\" aria-required=\"true\" aria-invalid=\"false\" value=\"\" type=\"text\" name=\"Mobil\" \/><\/span><br \/>\n<span class=\"wpcf7-form-control-wrap\" data-name=\"acceptance-0\"><span class=\"wpcf7-form-control wpcf7-acceptance\"><span class=\"wpcf7-list-item\"><label><input type=\"checkbox\" name=\"acceptance-0\" value=\"1\" aria-invalid=\"false\" \/><span class=\"wpcf7-list-item-label\">Ich habe die <a href=\"https:\/\/gecco-beratung.de\/fahrschule\/datenschutz-agb\/\">Datenschutzhinweise<\/a> zur Kenntnis genommen und bin mit ihnen einverstanden. Erteilte Einwilligungen kann ich jederzeit widerrufen.<\/span><\/label><\/span><\/span><\/span>\n<\/p>\n<p><input class=\"wpcf7-form-control has-spinner wpcf7-submit\" type=\"submit\" value=\"TERMIN ANFRAGEN\" \/>\n<\/p><div class=\"wpcf7-response-output\" aria-hidden=\"true\"><\/div>\n<\/form>\n<\/div>\n<\/div>[\/vc_column_inner][vc_column_inner width=&#8221;1\/2&#8243; css=&#8221;.vc_custom_1522244799532{padding-right: 15px !important;padding-left: 80px !important;}&#8221; offset=&#8221;vc_col-lg-6 vc_col-md-12&#8243;]<header class=\"kd-section-title col-lg-12 text-left solid-line sep-border-width-1     vc_custom_1573227385556\" ><h2 class=\"separator_on\" style=\"color: #293a44;\">Zum Kennenlern-Webinar<\/h2><div class=\"kd-separator below_title\" ><div class=\"kd-separator-line\" ><\/div><\/div><h6 class=\"subtitle \" style=\"color: #293a44;\">Unverbindlich, kinderleicht und pers\u00f6nlich auf dich abgestimmt<\/h6><\/header>[vc_single_image image=&#8221;1693&#8243; img_size=&#8221;full&#8221;][vc_column_text css=&#8221;.vc_custom_1573653511077{padding-top: 25px !important;padding-bottom: 10px !important;}&#8221;]Zum vereinbarten Termin klickst du dich per Link einfach in unser Google-Seminar ein. Wir rufen dich an und zeigen dir live am Bildschirm alles, was du \u00fcber GECCO wissen musst:<\/p>\n<ul>\n<li>Wie entlastet mich das GECCO Konzept im Arbeitsalltag?<\/li>\n<li>Wie funktioniert Fahrschule heute? Wie funktioniert sie morgen?<\/li>\n<li>Welche Potenziale schlummern in meiner Fahrschule?<\/li>\n<li>Wie optimiere ich meine Fahrschule?<\/li>\n<li>Wie schaffe ich es, GECCO Fahrschule zu werden?<\/li>\n<\/ul>\n<p>Wenn du willst, geht es ab da Schritt f\u00fcr Schritt weiter.[\/vc_column_text][\/vc_column_inner][\/vc_row_inner][\/vc_column][\/vc_row]<\/p>\n<\/section>","protected":false},"excerpt":{"rendered":"<p>[vc_row full_width=&#8221;stretch_row&#8221;][vc_column css=&#8221;.vc_custom_1516095665984{padding-right: 0px !important;padding-left: 0px !important;}&#8221;][vc_row_inner css=&#8221;.vc_custom_1563899798812{padding-top: 50px !important;padding-bottom: 50px !important;}&#8221;][vc_column_inner width=&#8221;1\/2&#8243; css=&#8221;.vc_custom_1522244791629{padding-left: 15px !important;}&#8221; offset=&#8221;vc_col-lg-6 vc_col-md-12&#8243;][\/vc_column_inner][vc_column_inner width=&#8221;1\/2&#8243; css=&#8221;.vc_custom_1522244799532{padding-right: 15px !important;padding-left: 80px !important;}&#8221; offset=&#8221;vc_col-lg-6 vc_col-md-12&#8243;][vc_single_image image=&#8221;1693&#8243; [&hellip;]<\/p>\n","protected":false},"author":4,"featured_media":0,"parent":0,"menu_order":0,"comment_status":"closed","ping_status":"closed","template":"","meta":[],"yoast_head":"<!-- This site is optimized with the Yoast SEO plugin v19.8 - https:\/\/yoast.com\/wordpress\/plugins\/seo\/ -->\n<title>Weniger Arbeit \u2022 GECCO Fahrschulen<\/title>\n<meta name=\"description\" content=\"Wir sind eine st\u00e4ndig wachsende Gemeinschaft selbst\u00e4ndiger Fahrschulen, die ihre Kr\u00e4fte unter einem Dach b\u00fcndeln. Steig ein in die Zukunft deiner Fahrschule!\" \/>\n<meta name=\"robots\" content=\"index, follow, max-snippet:-1, max-image-preview:large, max-video-preview:-1\" \/>\n<link rel=\"canonical\" href=\"https:\/\/gecco-beratung.de\/fahrschule\/webinar-weniger-arbeit\/\" \/>\n<meta property=\"og:locale\" content=\"de_DE\" \/>\n<meta property=\"og:type\" content=\"article\" \/>\n<meta property=\"og:title\" content=\"Weniger Arbeit \u2022 GECCO Fahrschulen\" \/>\n<meta property=\"og:description\" content=\"Wir sind eine st\u00e4ndig wachsende Gemeinschaft selbst\u00e4ndiger Fahrschulen, die ihre Kr\u00e4fte unter einem Dach b\u00fcndeln. Steig ein in die Zukunft deiner Fahrschule!\" \/>\n<meta property=\"og:url\" content=\"https:\/\/gecco-beratung.de\/fahrschule\/webinar-weniger-arbeit\/\" \/>\n<meta property=\"og:site_name\" content=\"Gecco Fahrschulen\" \/>\n<meta property=\"article:publisher\" content=\"https:\/\/www.gecco-beratung.de\" \/>\n<meta property=\"article:modified_time\" content=\"2019-11-20T13:30:23+00:00\" \/>\n<meta name=\"twitter:card\" content=\"summary_large_image\" \/>\n<meta name=\"twitter:label1\" content=\"Est. reading time\" \/>\n\t<meta name=\"twitter:data1\" content=\"2\u00a0Minuten\" \/>\n<script type=\"application\/ld+json\" class=\"yoast-schema-graph\">{\"@context\":\"https:\/\/schema.org\",\"@graph\":[{\"@type\":\"WebPage\",\"@id\":\"https:\/\/gecco-beratung.de\/fahrschule\/webinar-weniger-arbeit\/\",\"url\":\"https:\/\/gecco-beratung.de\/fahrschule\/webinar-weniger-arbeit\/\",\"name\":\"Weniger Arbeit \u2022 GECCO Fahrschulen\",\"isPartOf\":{\"@id\":\"https:\/\/gecco-beratung.de\/fahrschule\/#website\"},\"datePublished\":\"2019-11-20T13:26:30+00:00\",\"dateModified\":\"2019-11-20T13:30:23+00:00\",\"description\":\"Wir sind eine st\u00e4ndig wachsende Gemeinschaft selbst\u00e4ndiger Fahrschulen, die ihre Kr\u00e4fte unter einem Dach b\u00fcndeln. Steig ein in die Zukunft deiner Fahrschule!\",\"breadcrumb\":{\"@id\":\"https:\/\/gecco-beratung.de\/fahrschule\/webinar-weniger-arbeit\/#breadcrumb\"},\"inLanguage\":\"de\",\"potentialAction\":[{\"@type\":\"ReadAction\",\"target\":[\"https:\/\/gecco-beratung.de\/fahrschule\/webinar-weniger-arbeit\/\"]}]},{\"@type\":\"BreadcrumbList\",\"@id\":\"https:\/\/gecco-beratung.de\/fahrschule\/webinar-weniger-arbeit\/#breadcrumb\",\"itemListElement\":[{\"@type\":\"ListItem\",\"position\":1,\"name\":\"Home\",\"item\":\"https:\/\/gecco-beratung.de\/fahrschule\/\"},{\"@type\":\"ListItem\",\"position\":2,\"name\":\"LP: Webinar Weniger Arbeit\"}]},{\"@type\":\"WebSite\",\"@id\":\"https:\/\/gecco-beratung.de\/fahrschule\/#website\",\"url\":\"https:\/\/gecco-beratung.de\/fahrschule\/\",\"name\":\"Gecco Fahrschulen\",\"description\":\"\",\"potentialAction\":[{\"@type\":\"SearchAction\",\"target\":{\"@type\":\"EntryPoint\",\"urlTemplate\":\"https:\/\/gecco-beratung.de\/fahrschule\/?s={search_term_string}\"},\"query-input\":\"required name=search_term_string\"}],\"inLanguage\":\"de\"}]}<\/script>\n<!-- \/ Yoast SEO plugin. -->","yoast_head_json":{"title":"Weniger Arbeit \u2022 GECCO Fahrschulen","description":"Wir sind eine st\u00e4ndig wachsende Gemeinschaft selbst\u00e4ndiger Fahrschulen, die ihre Kr\u00e4fte unter einem Dach b\u00fcndeln. Steig ein in die Zukunft deiner Fahrschule!","robots":{"index":"index","follow":"follow","max-snippet":"max-snippet:-1","max-image-preview":"max-image-preview:large","max-video-preview":"max-video-preview:-1"},"canonical":"https:\/\/gecco-beratung.de\/fahrschule\/webinar-weniger-arbeit\/","og_locale":"de_DE","og_type":"article","og_title":"Weniger Arbeit \u2022 GECCO Fahrschulen","og_description":"Wir sind eine st\u00e4ndig wachsende Gemeinschaft selbst\u00e4ndiger Fahrschulen, die ihre Kr\u00e4fte unter einem Dach b\u00fcndeln. Steig ein in die Zukunft deiner Fahrschule!","og_url":"https:\/\/gecco-beratung.de\/fahrschule\/webinar-weniger-arbeit\/","og_site_name":"Gecco Fahrschulen","article_publisher":"https:\/\/www.gecco-beratung.de","article_modified_time":"2019-11-20T13:30:23+00:00","twitter_card":"summary_large_image","twitter_misc":{"Est. reading time":"2\u00a0Minuten"},"schema":{"@context":"https:\/\/schema.org","@graph":[{"@type":"WebPage","@id":"https:\/\/gecco-beratung.de\/fahrschule\/webinar-weniger-arbeit\/","url":"https:\/\/gecco-beratung.de\/fahrschule\/webinar-weniger-arbeit\/","name":"Weniger Arbeit \u2022 GECCO Fahrschulen","isPartOf":{"@id":"https:\/\/gecco-beratung.de\/fahrschule\/#website"},"datePublished":"2019-11-20T13:26:30+00:00","dateModified":"2019-11-20T13:30:23+00:00","description":"Wir sind eine st\u00e4ndig wachsende Gemeinschaft selbst\u00e4ndiger Fahrschulen, die ihre Kr\u00e4fte unter einem Dach b\u00fcndeln. Steig ein in die Zukunft deiner Fahrschule!","breadcrumb":{"@id":"https:\/\/gecco-beratung.de\/fahrschule\/webinar-weniger-arbeit\/#breadcrumb"},"inLanguage":"de","potentialAction":[{"@type":"ReadAction","target":["https:\/\/gecco-beratung.de\/fahrschule\/webinar-weniger-arbeit\/"]}]},{"@type":"BreadcrumbList","@id":"https:\/\/gecco-beratung.de\/fahrschule\/webinar-weniger-arbeit\/#breadcrumb","itemListElement":[{"@type":"ListItem","position":1,"name":"Home","item":"https:\/\/gecco-beratung.de\/fahrschule\/"},{"@type":"ListItem","position":2,"name":"LP: Webinar Weniger Arbeit"}]},{"@type":"WebSite","@id":"https:\/\/gecco-beratung.de\/fahrschule\/#website","url":"https:\/\/gecco-beratung.de\/fahrschule\/","name":"Gecco Fahrschulen","description":"","potentialAction":[{"@type":"SearchAction","target":{"@type":"EntryPoint","urlTemplate":"https:\/\/gecco-beratung.de\/fahrschule\/?s={search_term_string}"},"query-input":"required name=search_term_string"}],"inLanguage":"de"}]}},"_links":{"self":[{"href":"https:\/\/gecco-beratung.de\/fahrschule\/wp-json\/wp\/v2\/pages\/1710"}],"collection":[{"href":"https:\/\/gecco-beratung.de\/fahrschule\/wp-json\/wp\/v2\/pages"}],"about":[{"href":"https:\/\/gecco-beratung.de\/fahrschule\/wp-json\/wp\/v2\/types\/page"}],"author":[{"embeddable":true,"href":"https:\/\/gecco-beratung.de\/fahrschule\/wp-json\/wp\/v2\/users\/4"}],"replies":[{"embeddable":true,"href":"https:\/\/gecco-beratung.de\/fahrschule\/wp-json\/wp\/v2\/comments?post=1710"}],"version-history":[{"count":7,"href":"https:\/\/gecco-beratung.de\/fahrschule\/wp-json\/wp\/v2\/pages\/1710\/revisions"}],"predecessor-version":[{"id":1718,"href":"https:\/\/gecco-beratung.de\/fahrschule\/wp-json\/wp\/v2\/pages\/1710\/revisions\/1718"}],"wp:attachment":[{"href":"https:\/\/gecco-beratung.de\/fahrschule\/wp-json\/wp\/v2\/media?parent=1710"}],"curies":[{"name":"wp","href":"https:\/\/api.w.org\/{rel}","templated":true}]}}